{"id":7695,"date":"2021-10-21T12:43:42","date_gmt":"2021-10-21T11:43:42","guid":{"rendered":"https:\/\/www.terrehabitat.be\/wp\/?page_id=7695"},"modified":"2025-03-10T17:45:20","modified_gmt":"2025-03-10T16:45:20","slug":"conseil-peintures-et-couleurs","status":"publish","type":"page","link":"https:\/\/www.terrehabitat.be\/wp\/liens\/conseil-peintures-et-couleurs\/","title":{"rendered":"Conseil peintures et couleurs"},"content":{"rendered":"<div id=\"pl-7695\"  class=\"panel-layout\" ><div id=\"pg-7695-0\"  class=\"panel-grid panel-no-style\" ><div id=\"pgc-7695-0-0\"  class=\"panel-grid-cell\" ><div id=\"panel-7695-0-0-0\" class=\"so-panel widget widget_black-studio-tinymce widget_black_studio_tinymce panel-first-child\" data-index=\"0\" ><div class=\"textwidget\"><h4 class=\"subtitle\">Nous vous conseillons en magasin<\/h4>\n<p>Nous vous aidons \u00e0 choisir le produit le plus adapt\u00e9 au mat\u00e9riaux \u00e0 peindre et au r\u00e9sultat recherch\u00e9.<\/p>\n<p>Nous vous guidons pour trouver les teintes assorties \u00e0 votre int\u00e9rieur et adapt\u00e9es \u00e0 votre personnalit\u00e9, \u00e0 associer enduits, peintures, stucs, ...<\/p>\n<p>En plus des conseils sur les couleurs, nous vous donnons \u00e9galement des conseils techniques pour vous aider \u00e0 r\u00e9aliser votre peinture : pr\u00e9paration du support, diff\u00e9rents types de peinture, m\u00e9thodes de travail, etc.<\/p>\n<h4>Chez vous aussi : conseil couleur \u00e0 domicile gratuit !<\/h4>\n<p>Nous nous d\u00e9pla\u00e7ons aussi chez vous afin de mettre les teintes en situation, en fonction de la lumi\u00e8re, des volumes et des objets de votre maison.<\/p>\n<p>R\u00e9servez votre conseil couleur \u00e0 domicile.Vous payez 90 \u20ac par conseil, mais ce montant vous sera int\u00e9gralement rembours\u00e9 <strong>\u00e0 l'achat d'un minimum de 280 \u20ac.<br \/>\n<\/strong><\/p>\n<\/div><\/div><div id=\"panel-7695-0-0-1\" class=\"so-panel widget widget_origin_button panel-last-child\" data-index=\"1\" ><div class=\"origin-widget origin-widget-button origin-widget-button-simple-orange align-right\"><a href=\"https:\/\/www.terrehabitat.be\/wp\/liens\/contact-2\/\" \n>\n\tDemandez-nous conseil !<\/a>\n<\/div><\/div><\/div><div id=\"pgc-7695-0-1\"  class=\"panel-grid-cell\" ><div id=\"panel-7695-0-1-0\" class=\"so-panel widget widget_black-studio-tinymce widget_black_studio_tinymce panel-first-child panel-last-child\" data-index=\"2\" ><div class=\"textwidget\"><p><a href=\"https:\/\/www.terrehabitat.be\/wp\/wp-content\/uploads\/2021\/10\/IMG_0044.jpg\"><img loading=\"lazy\" decoding=\"async\" class=\"alignnone size-medium wp-image-7715\" src=\"https:\/\/www.terrehabitat.be\/wp\/wp-content\/uploads\/2021\/10\/IMG_0044-640x427.jpg\" alt=\"\" width=\"640\" height=\"427\" srcset=\"https:\/\/www.terrehabitat.be\/wp\/wp-content\/uploads\/2021\/10\/IMG_0044-640x427.jpg 640w, https:\/\/www.terrehabitat.be\/wp\/wp-content\/uploads\/2021\/10\/IMG_0044-120x80.jpg 120w, https:\/\/www.terrehabitat.be\/wp\/wp-content\/uploads\/2021\/10\/IMG_0044-272x182.jpg 272w, https:\/\/www.terrehabitat.be\/wp\/wp-content\/uploads\/2021\/10\/IMG_0044.jpg 720w\" sizes=\"auto, (max-width: 640px) 100vw, 640px\" \/><\/a><\/p>\n<\/div><\/div><\/div><\/div><\/div>","protected":false},"excerpt":{"rendered":"<p>Nous vous conseillons en magasin Nous vous aidons \u00e0 choisir le produit le plus adapt\u00e9 au mat\u00e9riaux \u00e0 peindre et au r\u00e9sultat recherch\u00e9. Nous vous guidons pour trouver les teintes assorties \u00e0 votre int\u00e9rieur et adapt\u00e9es \u00e0 votre personnalit\u00e9, \u00e0 associer enduits, peintures, stucs, &#8230; En plus des conseils sur&#8230;<\/p>\n","protected":false},"author":2183,"featured_media":0,"parent":1839,"menu_order":1,"comment_status":"closed","ping_status":"closed","template":"page-fullwidth.php","meta":{"footnotes":""},"class_list":["post-7695","page","type-page","status-publish","hentry"],"_links":{"self":[{"href":"https:\/\/www.terrehabitat.be\/wp\/wp-json\/wp\/v2\/pages\/7695","targetHints":{"allow":["GET"]}}],"collection":[{"href":"https:\/\/www.terrehabitat.be\/wp\/wp-json\/wp\/v2\/pages"}],"about":[{"href":"https:\/\/www.terrehabitat.be\/wp\/wp-json\/wp\/v2\/types\/page"}],"author":[{"embeddable":true,"href":"https:\/\/www.terrehabitat.be\/wp\/wp-json\/wp\/v2\/users\/2183"}],"replies":[{"embeddable":true,"href":"https:\/\/www.terrehabitat.be\/wp\/wp-json\/wp\/v2\/comments?post=7695"}],"version-history":[{"count":9,"href":"https:\/\/www.terrehabitat.be\/wp\/wp-json\/wp\/v2\/pages\/7695\/revisions"}],"predecessor-version":[{"id":8705,"href":"https:\/\/www.terrehabitat.be\/wp\/wp-json\/wp\/v2\/pages\/7695\/revisions\/8705"}],"up":[{"embeddable":true,"href":"https:\/\/www.terrehabitat.be\/wp\/wp-json\/wp\/v2\/pages\/1839"}],"wp:attachment":[{"href":"https:\/\/www.terrehabitat.be\/wp\/wp-json\/wp\/v2\/media?parent=7695"}],"curies":[{"name":"wp","href":"https:\/\/api.w.org\/{rel}","templated":true}]}}