{"id":6707,"date":"2021-01-19T11:45:33","date_gmt":"2021-01-19T10:45:33","guid":{"rendered":"http:\/\/www.terrehabitat.be\/wp\/?page_id=6707"},"modified":"2021-01-19T16:29:41","modified_gmt":"2021-01-19T15:29:41","slug":"syl-out-peintures-aux-silicates-pour-facades","status":"publish","type":"page","link":"https:\/\/www.terrehabitat.be\/wp\/peintures-naturelles\/peintures-ecologiques-facades\/syl-out-peintures-aux-silicates-pour-facades\/","title":{"rendered":"Syl out, peintures aux silicates pour fa\u00e7ades"},"content":{"rendered":"<div id=\"pl-6707\"  class=\"panel-layout\" ><div id=\"pg-6707-0\"  class=\"panel-grid panel-no-style\" ><div id=\"pgc-6707-0-0\"  class=\"panel-grid-cell\" ><div id=\"panel-6707-0-0-0\" class=\"so-panel widget widget_origin_animated-image panel-first-child\" data-index=\"0\" ><div class=\"origin-widget origin-widget-animated-image origin-widget-animated-image-default-default\"><img decoding=\"async\" src=\"https:\/\/www.terrehabitat.be\/wp\/wp-content\/uploads\/2021\/01\/Syl-out-Galtane-Terrehabitat-peinture-fa\u00e7ade.jpg\" style=\"visibility:hidden\" data-animation=\"slide-down\" \/><\/div><\/div><div id=\"panel-6707-0-0-1\" class=\"so-panel widget widget_black-studio-tinymce widget_black_studio_tinymce panel-last-child\" data-index=\"1\" ><div class=\"textwidget\"><p><a href=\"https:\/\/www.terrehabitat.be\/wp\/wp-content\/uploads\/2021\/01\/syl-out-peinture-silicate-pour-facade-terrehabitat.jpg\"><img loading=\"lazy\" decoding=\"async\" class=\"alignnone size-full wp-image-6701\" src=\"https:\/\/www.terrehabitat.be\/wp\/wp-content\/uploads\/2021\/01\/syl-out-peinture-silicate-pour-facade-terrehabitat.jpg\" alt=\"\" width=\"170\" height=\"159\" srcset=\"https:\/\/www.terrehabitat.be\/wp\/wp-content\/uploads\/2021\/01\/syl-out-peinture-silicate-pour-facade-terrehabitat.jpg 170w, https:\/\/www.terrehabitat.be\/wp\/wp-content\/uploads\/2021\/01\/syl-out-peinture-silicate-pour-facade-terrehabitat-86x80.jpg 86w\" sizes=\"auto, (max-width: 170px) 100vw, 170px\" \/> <\/a><a href=\"https:\/\/www.terrehabitat.be\/wp\/wp-content\/uploads\/2021\/01\/PEINTURE-SILICATES-SYL-OUT-TERREHABITAT.jpg\"><img loading=\"lazy\" decoding=\"async\" class=\"alignnone wp-image-6726\" src=\"https:\/\/www.terrehabitat.be\/wp\/wp-content\/uploads\/2021\/01\/PEINTURE-SILICATES-SYL-OUT-TERREHABITAT.jpg\" alt=\"\" width=\"154\" height=\"158\" srcset=\"https:\/\/www.terrehabitat.be\/wp\/wp-content\/uploads\/2021\/01\/PEINTURE-SILICATES-SYL-OUT-TERREHABITAT.jpg 131w, https:\/\/www.terrehabitat.be\/wp\/wp-content\/uploads\/2021\/01\/PEINTURE-SILICATES-SYL-OUT-TERREHABITAT-78x80.jpg 78w\" sizes=\"auto, (max-width: 154px) 100vw, 154px\" \/><\/a><a href=\"https:\/\/www.terrehabitat.be\/wp\/wp-content\/uploads\/2021\/01\/syl-out-peinture-silicate-pour-facade-terrehabitat.jpg\"><br \/>\n<\/a><\/p>\n<p><a href=\"https:\/\/www.terrehabitat.be\/wp\/wp-content\/uploads\/2021\/01\/syl-out-peinture-pour-fa\u00e7ades-naturelle-terrehabitat.jpg\"><img loading=\"lazy\" decoding=\"async\" class=\"alignnone wp-image-6724\" src=\"https:\/\/www.terrehabitat.be\/wp\/wp-content\/uploads\/2021\/01\/syl-out-peinture-pour-fa\u00e7ades-naturelle-terrehabitat.jpg\" alt=\"\" width=\"185\" height=\"75\" srcset=\"https:\/\/www.terrehabitat.be\/wp\/wp-content\/uploads\/2021\/01\/syl-out-peinture-pour-fa\u00e7ades-naturelle-terrehabitat.jpg 151w, https:\/\/www.terrehabitat.be\/wp\/wp-content\/uploads\/2021\/01\/syl-out-peinture-pour-fa\u00e7ades-naturelle-terrehabitat-150x61.jpg 150w\" sizes=\"auto, (max-width: 185px) 100vw, 185px\" \/><\/a><\/p>\n<p><a href=\"https:\/\/www.terrehabitat.be\/wp\/wp-content\/uploads\/2021\/01\/8250-fiche-technique-Syl-Out-terrehabitat.pdf\"><img loading=\"lazy\" decoding=\"async\" class=\"alignnone wp-image-1758\" src=\"https:\/\/www.terrehabitat.be\/wp\/wp-content\/uploads\/2015\/02\/t\u00e9l\u00e9chargements-640x130.jpg\" alt=\"fiche technique\" width=\"256\" height=\"52\" srcset=\"https:\/\/www.terrehabitat.be\/wp\/wp-content\/uploads\/2015\/02\/t\u00e9l\u00e9chargements-640x130.jpg 640w, https:\/\/www.terrehabitat.be\/wp\/wp-content\/uploads\/2015\/02\/t\u00e9l\u00e9chargements-1024x208.jpg 1024w, https:\/\/www.terrehabitat.be\/wp\/wp-content\/uploads\/2015\/02\/t\u00e9l\u00e9chargements-600x122.jpg 600w\" sizes=\"auto, (max-width: 256px) 100vw, 256px\" \/><\/a><\/p>\n<div><a href=\"https:\/\/galtane.colors-simulator.com\/simulator\"><strong>VERS LE SIMULATEUR DE COULEURS GALTANE<\/strong><\/a> <a href=\"https:\/\/galtane.colors-simulator.com\/simulator\"><img loading=\"lazy\" decoding=\"async\" class=\"alignnone wp-image-1941\" src=\"https:\/\/www.terrehabitat.be\/wp\/wp-content\/uploads\/2015\/02\/palette.jpeg\" alt=\"\" width=\"85\" height=\"69\" \/><\/a><\/div>\n<p>&nbsp;<\/p>\n<\/div><\/div><\/div><div id=\"pgc-6707-0-1\"  class=\"panel-grid-cell\" ><div id=\"panel-6707-0-1-0\" class=\"so-panel widget widget_black-studio-tinymce widget_black_studio_tinymce panel-first-child\" data-index=\"2\" ><div class=\"panel-widget-style panel-widget-style-for-6707-0-1-0\" ><div class=\"textwidget\"><p><span style=\"color: #ffffff;\"> .....<\/span><\/p>\n<p><span style=\"color: #ffffff;\">\u00a0 .....<\/span> Conditionnement : 1 L, 5 L ou 10 L<\/p>\n<p><span style=\"color: #ffffff;\">........<\/span>Rendement : 7 m\u00b2\/litre<span style=\"color: #ffffff;\">................<\/span><\/p>\n<p><span style=\"color: #ffffff;\">...<\/span><\/p>\n<\/div><\/div><\/div><div id=\"panel-6707-0-1-1\" class=\"so-panel widget widget_black-studio-tinymce widget_black_studio_tinymce panel-last-child\" data-index=\"3\" ><div class=\"textwidget\"><h5>Syl Out de Galtane, peinture pour fa\u00e7ade ext\u00e9rieure min\u00e9rale de haute qualit\u00e9 technique au pouvoir couvrant exceptionnel.<\/h5>\n<h4>Supports<\/h4>\n<p>Peinture pour fa\u00e7ades naturelle destin\u00e9e<strong> \u00e0 tous les supports min\u00e9raux poreux tels que le b\u00e9ton, les enduits de ciment, de ciment \u00e0 la chaux, min\u00e9raux d\u00e9coratifs ou la ma\u00e7onnerie en calcaire.<\/strong><\/p>\n<p>Cette peinture aux silicates s'applique \u00e9galement sur d\u2019<strong>anciennes peintures pour fa\u00e7ade mates et non \u00e9lastiques<\/strong>.<\/p>\n<p>De plus, elle r\u00e9pond aux crit\u00e8res tr\u00e8s stricts en mati\u00e8re d\u2019environnement, de sant\u00e9 et de fonctionnalit\u00e9. Sans conservateur (MIT).<\/p>\n<h4>Des couleurs lumineuses qui mettent en valeur votre fa\u00e7ade<\/h4>\n<p>La peinture pour fa\u00e7ades naturelle aux silicates de Galtane offre une large palette de teintes, des plus claires aux plus franches, toujours lumineuses !<\/p>\n<p>C'est une peinture durable, par sa tr\u00e8s bonne r\u00e9sistance aux UV.<\/p>\n<h4>Caract\u00e8re hautement respirant, sans formation de film plastique<\/h4>\n<p>Peinture pour fa\u00e7ades naturelle ouverte \u00e0 la diffusion et \u00e0 la vapeur d\u2019eau.<\/p>\n<p>La peinture aux silicates \u0160yl Out permet de limiter l\u2019impact sur la r\u00e9sistance \u00e0 la diffusion de la vapeur d\u2019eau d\u2019un mur.<\/p>\n<p>Il est g\u00e9n\u00e9ralement recommand\u00e9 d\u2019appliquer des peintures de finition tr\u00e8s perm\u00e9ables \u00e0 la vapeur d\u2019eau dont la valeur Sd est inf\u00e9rieure \u00e0 0,05 m.<\/p>\n<p>La valeur Sd de \u0160yl Out est inf\u00e9rieure \u00e0 0,01 m.<\/p>\n<h4>Limite la formation de champignons et de mousses<\/h4>\n<p>Elle est r\u00e9sistante aux moisissures.<\/p>\n<p>Elle ne contient ni biocide de surface, ni conservateur.<\/p>\n<p>&nbsp;<\/p>\n<p>&nbsp;<\/p>\n<p>&nbsp;<\/p>\n<\/div><\/div><\/div><\/div><\/div>","protected":false},"excerpt":{"rendered":"<p>VERS LE SIMULATEUR DE COULEURS GALTANE &nbsp; &#8230;.. \u00a0 &#8230;.. Conditionnement : 1 L, 5 L ou 10 L &#8230;&#8230;..Rendement : 7 m\u00b2\/litre&#8230;&#8230;&#8230;&#8230;&#8230;. &#8230; Syl Out de Galtane, peinture pour fa\u00e7ade ext\u00e9rieure min\u00e9rale de haute qualit\u00e9 technique au pouvoir couvrant exceptionnel. Supports Peinture pour fa\u00e7ades naturelle destin\u00e9e \u00e0 tous les&#8230;<\/p>\n","protected":false},"author":2183,"featured_media":0,"parent":215,"menu_order":0,"comment_status":"closed","ping_status":"closed","template":"page-fullwidth.php","meta":{"footnotes":""},"class_list":["post-6707","page","type-page","status-publish","hentry"],"_links":{"self":[{"href":"https:\/\/www.terrehabitat.be\/wp\/wp-json\/wp\/v2\/pages\/6707","targetHints":{"allow":["GET"]}}],"collection":[{"href":"https:\/\/www.terrehabitat.be\/wp\/wp-json\/wp\/v2\/pages"}],"about":[{"href":"https:\/\/www.terrehabitat.be\/wp\/wp-json\/wp\/v2\/types\/page"}],"author":[{"embeddable":true,"href":"https:\/\/www.terrehabitat.be\/wp\/wp-json\/wp\/v2\/users\/2183"}],"replies":[{"embeddable":true,"href":"https:\/\/www.terrehabitat.be\/wp\/wp-json\/wp\/v2\/comments?post=6707"}],"version-history":[{"count":15,"href":"https:\/\/www.terrehabitat.be\/wp\/wp-json\/wp\/v2\/pages\/6707\/revisions"}],"predecessor-version":[{"id":6786,"href":"https:\/\/www.terrehabitat.be\/wp\/wp-json\/wp\/v2\/pages\/6707\/revisions\/6786"}],"up":[{"embeddable":true,"href":"https:\/\/www.terrehabitat.be\/wp\/wp-json\/wp\/v2\/pages\/215"}],"wp:attachment":[{"href":"https:\/\/www.terrehabitat.be\/wp\/wp-json\/wp\/v2\/media?parent=6707"}],"curies":[{"name":"wp","href":"https:\/\/api.w.org\/{rel}","templated":true}]}}