{"id":5600,"date":"2019-01-29T14:14:33","date_gmt":"2019-01-29T13:14:33","guid":{"rendered":"http:\/\/www.terrehabitat.be\/wp\/?page_id=5600"},"modified":"2019-02-25T17:10:04","modified_gmt":"2019-02-25T16:10:04","slug":"enduit-intermediaire-colore-hins","status":"publish","type":"page","link":"https:\/\/www.terrehabitat.be\/wp\/revetements-de-sol\/argile-murale\/enduit-intermediaire-colore-hins\/","title":{"rendered":"Enduit interm\u00e9diaire color\u00e9 Hins"},"content":{"rendered":"<div id=\"pl-5600\"  class=\"panel-layout\" ><div id=\"pg-5600-0\"  class=\"panel-grid panel-no-style\" ><div id=\"pgc-5600-0-0\"  class=\"panel-grid-cell\" ><div id=\"panel-5600-0-0-0\" class=\"so-panel widget widget_origin_animated-image panel-first-child\" data-index=\"0\" ><div class=\"origin-widget origin-widget-animated-image origin-widget-animated-image-default-default\"><img decoding=\"async\" src=\"https:\/\/www.terrehabitat.be\/wp\/wp-content\/uploads\/2019\/01\/Teintes-enduits-interm\u00e9diaires-Hins-.png\" style=\"visibility:hidden\" data-animation=\"slide-down\" \/><\/div><\/div><div id=\"panel-5600-0-0-1\" class=\"so-panel widget widget_black-studio-tinymce widget_black_studio_tinymce panel-last-child\" data-index=\"1\" ><div class=\"textwidget\"><p><a href=\"https:\/\/www.terrehabitat.be\/wp\/wp-content\/uploads\/2019\/01\/Teintes-enduit-interm\u00e9diaire-HINS-NOMS.jpg\"><img loading=\"lazy\" decoding=\"async\" class=\"alignnone wp-image-5582\" src=\"https:\/\/www.terrehabitat.be\/wp\/wp-content\/uploads\/2019\/01\/Teintes-enduit-interm\u00e9diaire-HINS-NOMS-640x387.jpg\" alt=\"\" width=\"282\" height=\"171\" srcset=\"https:\/\/www.terrehabitat.be\/wp\/wp-content\/uploads\/2019\/01\/Teintes-enduit-interm\u00e9diaire-HINS-NOMS-640x387.jpg 640w, https:\/\/www.terrehabitat.be\/wp\/wp-content\/uploads\/2019\/01\/Teintes-enduit-interm\u00e9diaire-HINS-NOMS-768x464.jpg 768w, https:\/\/www.terrehabitat.be\/wp\/wp-content\/uploads\/2019\/01\/Teintes-enduit-interm\u00e9diaire-HINS-NOMS-1024x619.jpg 1024w, https:\/\/www.terrehabitat.be\/wp\/wp-content\/uploads\/2019\/01\/Teintes-enduit-interm\u00e9diaire-HINS-NOMS-132x80.jpg 132w\" sizes=\"auto, (max-width: 282px) 100vw, 282px\" \/> \u00a0 <\/a><a href=\"https:\/\/www.terrehabitat.be\/wp\/wp-content\/uploads\/2019\/02\/hins-enduits-interm\u00e9diaires-color\u00e9s-Terrehabitat.jpg\"><img loading=\"lazy\" decoding=\"async\" class=\"alignnone  wp-image-5963\" src=\"https:\/\/www.terrehabitat.be\/wp\/wp-content\/uploads\/2019\/02\/hins-enduits-interm\u00e9diaires-color\u00e9s-Terrehabitat-640x567.jpg\" alt=\"\" width=\"194\" height=\"172\" srcset=\"https:\/\/www.terrehabitat.be\/wp\/wp-content\/uploads\/2019\/02\/hins-enduits-interm\u00e9diaires-color\u00e9s-Terrehabitat-640x567.jpg 640w, https:\/\/www.terrehabitat.be\/wp\/wp-content\/uploads\/2019\/02\/hins-enduits-interm\u00e9diaires-color\u00e9s-Terrehabitat-768x681.jpg 768w, https:\/\/www.terrehabitat.be\/wp\/wp-content\/uploads\/2019\/02\/hins-enduits-interm\u00e9diaires-color\u00e9s-Terrehabitat-1024x908.jpg 1024w, https:\/\/www.terrehabitat.be\/wp\/wp-content\/uploads\/2019\/02\/hins-enduits-interm\u00e9diaires-color\u00e9s-Terrehabitat-90x80.jpg 90w, https:\/\/www.terrehabitat.be\/wp\/wp-content\/uploads\/2019\/02\/hins-enduits-interm\u00e9diaires-color\u00e9s-Terrehabitat.jpg 1372w\" sizes=\"auto, (max-width: 194px) 100vw, 194px\" \/><\/a><a href=\"https:\/\/www.terrehabitat.be\/wp\/wp-content\/uploads\/2019\/01\/Teintes-enduit-interm\u00e9diaire-HINS-NOMS.jpg\">\u00a0 <\/a><a href=\"https:\/\/www.terrehabitat.be\/wp\/wp-content\/uploads\/2019\/01\/ENDUIT-ARGILE-HINS-TERREHABITAT.jpg\"><img loading=\"lazy\" decoding=\"async\" class=\"alignnone wp-image-5587\" src=\"https:\/\/www.terrehabitat.be\/wp\/wp-content\/uploads\/2019\/01\/ENDUIT-ARGILE-HINS-TERREHABITAT.jpg\" alt=\"\" width=\"289\" height=\"172\" srcset=\"https:\/\/www.terrehabitat.be\/wp\/wp-content\/uploads\/2019\/01\/ENDUIT-ARGILE-HINS-TERREHABITAT.jpg 291w, https:\/\/www.terrehabitat.be\/wp\/wp-content\/uploads\/2019\/01\/ENDUIT-ARGILE-HINS-TERREHABITAT-135x80.jpg 135w\" sizes=\"auto, (max-width: 289px) 100vw, 289px\" \/><\/a><\/p>\n<p><a href=\"https:\/\/www.terrehabitat.be\/wp\/wp-content\/uploads\/2019\/01\/FICHE-TECHNIQUE-INTERMEDIAIRE-2016.pdf\"><img loading=\"lazy\" decoding=\"async\" class=\"alignnone wp-image-1758\" src=\"https:\/\/www.terrehabitat.be\/wp\/wp-content\/uploads\/2015\/02\/t\u00e9l\u00e9chargements-640x130.jpg\" alt=\"fiche technique\" width=\"256\" height=\"52\" srcset=\"https:\/\/www.terrehabitat.be\/wp\/wp-content\/uploads\/2015\/02\/t\u00e9l\u00e9chargements-640x130.jpg 640w, https:\/\/www.terrehabitat.be\/wp\/wp-content\/uploads\/2015\/02\/t\u00e9l\u00e9chargements-1024x208.jpg 1024w, https:\/\/www.terrehabitat.be\/wp\/wp-content\/uploads\/2015\/02\/t\u00e9l\u00e9chargements-600x122.jpg 600w\" sizes=\"auto, (max-width: 256px) 100vw, 256px\" \/><\/a><\/p>\n<p><a href=\"https:\/\/www.terrehabitat.be\/wp\/wp-content\/uploads\/2019\/01\/Document-technique-dapplication-de-notre-gamme-denduit-2016.pdf\"><img loading=\"lazy\" decoding=\"async\" class=\"alignnone wp-image-4243\" src=\"https:\/\/www.terrehabitat.be\/wp\/wp-content\/uploads\/2016\/09\/fiche-dapplication-640x130.jpg\" alt=\"\" width=\"246\" height=\"50\" srcset=\"https:\/\/www.terrehabitat.be\/wp\/wp-content\/uploads\/2016\/09\/fiche-dapplication-640x130.jpg 640w, https:\/\/www.terrehabitat.be\/wp\/wp-content\/uploads\/2016\/09\/fiche-dapplication-768x156.jpg 768w, https:\/\/www.terrehabitat.be\/wp\/wp-content\/uploads\/2016\/09\/fiche-dapplication-1024x208.jpg 1024w, https:\/\/www.terrehabitat.be\/wp\/wp-content\/uploads\/2016\/09\/fiche-dapplication-600x122.jpg 600w\" sizes=\"auto, (max-width: 246px) 100vw, 246px\" \/><\/a><\/p>\n<\/div><\/div><\/div><div id=\"pgc-5600-0-1\"  class=\"panel-grid-cell\" ><div id=\"panel-5600-0-1-0\" class=\"so-panel widget widget_black-studio-tinymce widget_black_studio_tinymce panel-first-child\" data-index=\"2\" ><div class=\"panel-widget-style panel-widget-style-for-5600-0-1-0\" ><div class=\"textwidget\"><p><span style=\"color: #ffffff;\"> .....<\/span><\/p>\n<p><span style=\"color: #ffffff;\">\u00a0 .....<\/span> Conditionnement : Big Bag de 1200 kg ou 600 kg<\/p>\n<p><span style=\"color: #ffffff;\">........<\/span>Rendement : donne 700 l\/350 l d'enduit = 100m\u00b2 en \u00e9paisseur 7 mm<\/p>\n<p><span style=\"color: #ffffff;\">........<\/span>Teintes disponibles : blanc, beige, jaune, rouge, brun<\/p>\n<p><span style=\"color: #ffffff;\">.....Sable : 0-2 mm, pailles : 10 mm<\/span><\/p>\n<\/div><\/div><\/div><div id=\"panel-5600-0-1-1\" class=\"so-panel widget widget_black-studio-tinymce widget_black_studio_tinymce panel-last-child\" data-index=\"3\" ><div class=\"textwidget\"><h5>Enduit d'argile color\u00e9 dans la masse de Hins \u00e0 placer en \u00e9paisseur de 1 \u00e0 2.5 cm.<\/h5>\n<h4>Avantages de l'enduit d'argile color\u00e9 :<\/h4>\n<p>L\u2019enduit interm\u00e9diaire color\u00e9 de Hins permet une l\u00e9g\u00e8re r\u00e9gularisation du support (jusque 2.5 cm). Il peut soit, \u00eatre utilis\u00e9 comme base d\u2019un enduit d\u00e9coratif, soit comme finition.<\/p>\n<p>Tout d'abord, comme enduit color\u00e9 monocouche, il pr\u00e9sente une alternative \u00e9conomique et d\u00e9corative aux enduits de base.\u00a0 Il s'applique en monocouche \u00e0 certaines conditions (supports homog\u00e8nes et r\u00e9guliers). Il se pose en \u00e9paisseurs allant de 5 \u00e0 8 mm. Nous le proposons dans 5 teintes issues d\u2019argiles naturellement color\u00e9es.<\/p>\n<p>Comme enduit interm\u00e9diaire, il servira de base en vue de la r\u00e9alisation d\u2019\u00e9l\u00e9ments d\u00e9coratifs (gravure, pochoir, ...). Dans ce cas, il est utilisable pour adapter la forme d\u2019un support comportant de l\u00e9g\u00e8res irr\u00e9gularit\u00e9s en vue de l\u2019application d\u2019une finition par la pose de l\u2019enduit \u00ab Ma terre \u00bb ou de l\u2019enduit d\u00e9coratif. Sa couleur pourra alors \u00eatre choisie en fonction de celle de l\u2019enduit de finition pour \u00eatre exploit\u00e9e \u00e0 des fins d\u00e9coratives (sgraffite, r\u00e9serve, gravure, pochoir, etc.).<\/p>\n<h3>Avantages :<\/h3>\n<h4>Des propri\u00e9t\u00e9s \u00e9cologiques<\/h4>\n<p>Les enduits d'argile, compos\u00e9s d'argile, de sable et de fibres v\u00e9g\u00e9tales, sont des produits 100% \u00e9cologiques et recyclable ... dans votre propre jardin.<\/p>\n<p>Leur production est tr\u00e8s peu \u00e9nergivore : \u00e0 titre de comparaison, pour sa fabrication, l\u2019argile n\u00e9cessite 30kWh\/m\u00b3, le b\u00e9ton 500kWh\/m\u00b3 et l\u2019aluminium 195.000kWh\/m\u00b3.<\/p>\n<h4>Des propri\u00e9t\u00e9s de confort<\/h4>\n<p>L\u2019argile dispose d\u2019une masse volumique importante. Autrement dit, l\u2019argile est lourde. Les mat\u00e9riaux lourds ont la capacit\u00e9 d\u2019 emmagasiner de la chaleur, et de la restituer lorsqu\u2019il fait plus froid. C\u2019est le principe de l\u2019inertie thermique, particuli\u00e8rement int\u00e9ressant pour les murs int\u00e9rieurs de la maison. Gr\u00e2ce \u00e0 son bon d\u00e9phasage thermique, vous r\u00e9alisez ainsi une <strong>\u00e9conomie de chauffage<\/strong>.L\u2019argile est un bon <strong>r\u00e9gulateur de l\u2019humidit\u00e9 ambiante<\/strong>.<br \/>\n\u00c0 l'\u00e9chelle microscopique, on peut voir que l'argile est constitu\u00e9e de min\u00e9raux en feuillets, lesquels retiennent les mol\u00e9cules de vapeur d'eau par adh\u00e9sion superficielle. Une grande quantit\u00e9 d'argile dans la maison, maintient une hygrom\u00e9trie constante, car elle absorbe l'humidit\u00e9 en exc\u00e8s et la restitue au besoin lorsque l'air se fait trop sec.<br \/>\nL\u2019argile permet donc d\u2019\u00e9viter le surplus d\u2019humidit\u00e9 et la condensation qui favorisent la prolif\u00e9ration de moisissures et bact\u00e9ries associ\u00e9es \u00e0 de l\u2019asthme et autres probl\u00e8mes respiratoires.<\/p>\n<p>Les enduits d'argile <strong>absorbent les odeurs<\/strong>. La structure microcapillaire de l'argile lui permet de capturer les odeurs et de les d\u00e9grader au fur et \u00e0 mesure.<\/p>\n<p>L'argile am\u00e9liore le <strong>confort acoustique<\/strong> de votre int\u00e9rieur. L'argile crue est un mat\u00e9riau \"souple\" qui va absorber les ondes sonores et les att\u00e9nuer. Au contraire de mat\u00e9riaux plus rigides (pl\u00e2tre par exemple) qui vont renvoyer le son, les enduits de plafonnage en argile crue apportent un confort acoustique particuli\u00e8rement pr\u00e9cieux dans nos maisons modernes.<\/p>\n<h4>Pour la sant\u00e9<\/h4>\n<p>L'argile, en absorbant et en restituant l'humidit\u00e9 ambiante, d\u00e9gage des <strong>ions n\u00e9gatifs<\/strong>. Or, il est prouv\u00e9 que<strong> l<\/strong>es ions n\u00e9gatifs augmentent le sentiment de bien \u00eatre. Une charge n\u00e9gative dans une pi\u00e8ce agit sur notre capacit\u00e9 \u00e0 absorber et utiliser de l'oxyg\u00e8ne, fortifiant notre organisme et nous donnant plus d'\u00e9nergie.<\/p>\n<p>Par ailleurs, l<strong>\u2019<\/strong>argile ne provoque pas d\u2019<strong>allergies<\/strong>.<\/p>\n<p>Les enduits d'argiles, de par leur compositions, captures des mol\u00e9cules d'eau, qui vont vibrer et consommer les <strong>ondes \u00e9lectromagn\u00e9tiques<\/strong>. De ce fait, l'argile sur les murs, contribue \u00e0 diminuer la quantit\u00e9 d'ondes \u00e9lectromagn\u00e9tiques \u00e9mises par nos wi-fi, GSM, ...<\/p>\n<h4>Mise en \u0153uvre<\/h4>\n<p>L\u2019argile est accessible \u00e0 l'auto-constructeur. D\u2019autant plus qu\u2019en le remouillant, on a tout son temps pour am\u00e9liorer son travail, ou effectuer des r\u00e9parations.<\/p>\n<p>De plus, son prix reste tr\u00e8s abordable !<\/p>\n<p>&nbsp;<\/p>\n<p>&nbsp;<\/p>\n<p>&nbsp;<\/p>\n<p>Produit belge !<\/p>\n<\/div><\/div><\/div><\/div><\/div>","protected":false},"excerpt":{"rendered":"<p>\u00a0 \u00a0 &#8230;.. \u00a0 &#8230;.. Conditionnement : Big Bag de 1200 kg ou 600 kg &#8230;&#8230;..Rendement : donne 700 l\/350 l d&rsquo;enduit = 100m\u00b2 en \u00e9paisseur 7 mm &#8230;&#8230;..Teintes disponibles : blanc, beige, jaune, rouge, brun &#8230;..Sable : 0-2 mm, pailles : 10 mm Enduit d&rsquo;argile color\u00e9 dans la masse&#8230;<\/p>\n","protected":false},"author":2183,"featured_media":0,"parent":232,"menu_order":4,"comment_status":"closed","ping_status":"closed","template":"page-fullwidth.php","meta":{"footnotes":""},"class_list":["post-5600","page","type-page","status-publish","hentry"],"_links":{"self":[{"href":"https:\/\/www.terrehabitat.be\/wp\/wp-json\/wp\/v2\/pages\/5600","targetHints":{"allow":["GET"]}}],"collection":[{"href":"https:\/\/www.terrehabitat.be\/wp\/wp-json\/wp\/v2\/pages"}],"about":[{"href":"https:\/\/www.terrehabitat.be\/wp\/wp-json\/wp\/v2\/types\/page"}],"author":[{"embeddable":true,"href":"https:\/\/www.terrehabitat.be\/wp\/wp-json\/wp\/v2\/users\/2183"}],"replies":[{"embeddable":true,"href":"https:\/\/www.terrehabitat.be\/wp\/wp-json\/wp\/v2\/comments?post=5600"}],"version-history":[{"count":8,"href":"https:\/\/www.terrehabitat.be\/wp\/wp-json\/wp\/v2\/pages\/5600\/revisions"}],"predecessor-version":[{"id":5964,"href":"https:\/\/www.terrehabitat.be\/wp\/wp-json\/wp\/v2\/pages\/5600\/revisions\/5964"}],"up":[{"embeddable":true,"href":"https:\/\/www.terrehabitat.be\/wp\/wp-json\/wp\/v2\/pages\/232"}],"wp:attachment":[{"href":"https:\/\/www.terrehabitat.be\/wp\/wp-json\/wp\/v2\/media?parent=5600"}],"curies":[{"name":"wp","href":"https:\/\/api.w.org\/{rel}","templated":true}]}}