{"id":5438,"date":"2018-11-22T13:04:09","date_gmt":"2018-11-22T12:04:09","guid":{"rendered":"http:\/\/www.terrehabitat.be\/wp\/?page_id=5438"},"modified":"2026-01-13T17:07:31","modified_gmt":"2026-01-13T16:07:31","slug":"conditions-generales-de-vente","status":"publish","type":"page","link":"https:\/\/www.terrehabitat.be\/wp\/liens\/conditions-generales-de-vente\/","title":{"rendered":"Conditions g\u00e9n\u00e9rales de vente"},"content":{"rendered":"\n<p>Conditions g\u00e9n\u00e9rales de vente<\/p>\n\n\n\n<ol class=\"wp-block-list\">\n<li>Les pr\u00e9sentes conditions g\u00e9n\u00e9rales de vente s&rsquo;appliquent, sans restriction ni r\u00e9serve, \u00e0 l&rsquo;ensemble des produits propos\u00e9s \u00e0 la vente chez Terrehabitat.<\/li>\n\n\n\n<li>Toute commande pass\u00e9e par un client implique l\u2019acceptation de nos conditions de vente et de facturation.<\/li>\n\n\n\n<li>Les prix fix\u00e9s sont libell\u00e9s en euros et sont \u00e0 prendre sous toute r\u00e9serve de modification.<\/li>\n\n\n\n<li>Les prix mentionn\u00e9s sur les offres sont susceptibles d&rsquo;\u00eatre augment\u00e9s si le fabricant, l&rsquo;importateur ou le fournisseur augmentent leur prix catalogue recommand\u00e9 ou si Terrehabitat est contraint de le faire pour une raison justifi\u00e9e, telle que notamment, des fluctuations de prix extr\u00eames ou une p\u00e9nurie de produits sur le march\u00e9.<\/li>\n\n\n\n<li>Sauf convention expresse contraire, toutes nos factures sont payables comptant et sans escompte.<\/li>\n\n\n\n<li>Le transport est factur\u00e9 en plus, en fonction de la quantit\u00e9 et de la distance de livraison sauf accord sp\u00e9cial au pr\u00e9alable.<\/li>\n\n\n\n<li>Le d\u00e9lai de livraison est toujours donn\u00e9 \u00e0 titre indicatif. Le retard apport\u00e9 ne peut donner lieu \u00e0 une indemnit\u00e9 ou annulation de commande, sauf accord sp\u00e9cialement \u00e9crit.<\/li>\n\n\n\n<li>Le client qui d\u00e9cide d\u2019annuler sa commande ou de rompre le contrat, nous est redevable d\u2019un d\u00e9dommagement forfaitaire et incompressible \u00e9gal \u00e0 30% de la valeur de la commande ou du contrat avec un minimum de 49,00\u20ac.<\/li>\n\n\n\n<li>Tout retard de paiement d\u2019une facture pour quelque motif que ce soit entra\u00eene automatiquement et sans mise en demeure la d\u00e9bition d\u2019un int\u00e9r\u00eat de retard de 1% par mois \u00e9coul\u00e9 ou commenc\u00e9.<\/li>\n\n\n\n<li>Aussi longtemps que les biens livr\u00e9s ne nous ont pas \u00e9t\u00e9 pay\u00e9s, ils demeurent notre propri\u00e9t\u00e9.<\/li>\n\n\n\n<li>Les marchandises vendues ne sont reprises qu\u2019apr\u00e8s accord pr\u00e9alable mutuel lors de la commande, et avec un abattement de 10% sur le prix de vente. Les articles repris seront dans leur \u00e9tat d\u2019origine (non utilis\u00e9s et non souill\u00e9s) et dans leur emballage d\u2019origine ferm\u00e9.<\/li>\n\n\n\n<li>En cas de livraison sur palette ou avec emballages consign\u00e9s, le montant des consignes est port\u00e9 sur la facture et payable aux m\u00eames conditions que la marchandise. Le remboursement de ces consignes n&rsquo;est d\u00fb qu&rsquo;apr\u00e8s retour des emballages, identifi\u00e9s comme n\u00f4tres et reconnus en parfait \u00e9tat, et ce dans un d\u00e9lai maximum de 3 mois date facture. Les emballages ne r\u00e9pondant pas \u00e0 ces conditions seront refus\u00e9s.<\/li>\n\n\n\n<li>La garantie est celle de nos fournisseurs. Elle est limit\u00e9e au remplacement des pi\u00e8ces reconnues d\u00e9fectueuses, sans aucune autre responsabilit\u00e9.<\/li>\n\n\n\n<li>En cas de litige, seuls sont comp\u00e9tents le juge de paix du canton, ou les tribunaux de l\u2019arrondissement judiciaire de Tournai. Ces conditions g\u00e9n\u00e9rales sont r\u00e9gies par le droit belge.<\/li>\n<\/ol>\n","protected":false},"excerpt":{"rendered":"<p>Conditions g\u00e9n\u00e9rales de vente<\/p>\n","protected":false},"author":2183,"featured_media":0,"parent":1839,"menu_order":7,"comment_status":"closed","ping_status":"closed","template":"page-sidebarright.php","meta":{"footnotes":""},"class_list":["post-5438","page","type-page","status-publish","hentry"],"_links":{"self":[{"href":"https:\/\/www.terrehabitat.be\/wp\/wp-json\/wp\/v2\/pages\/5438","targetHints":{"allow":["GET"]}}],"collection":[{"href":"https:\/\/www.terrehabitat.be\/wp\/wp-json\/wp\/v2\/pages"}],"about":[{"href":"https:\/\/www.terrehabitat.be\/wp\/wp-json\/wp\/v2\/types\/page"}],"author":[{"embeddable":true,"href":"https:\/\/www.terrehabitat.be\/wp\/wp-json\/wp\/v2\/users\/2183"}],"replies":[{"embeddable":true,"href":"https:\/\/www.terrehabitat.be\/wp\/wp-json\/wp\/v2\/comments?post=5438"}],"version-history":[{"count":3,"href":"https:\/\/www.terrehabitat.be\/wp\/wp-json\/wp\/v2\/pages\/5438\/revisions"}],"predecessor-version":[{"id":8960,"href":"https:\/\/www.terrehabitat.be\/wp\/wp-json\/wp\/v2\/pages\/5438\/revisions\/8960"}],"up":[{"embeddable":true,"href":"https:\/\/www.terrehabitat.be\/wp\/wp-json\/wp\/v2\/pages\/1839"}],"wp:attachment":[{"href":"https:\/\/www.terrehabitat.be\/wp\/wp-json\/wp\/v2\/media?parent=5438"}],"curies":[{"name":"wp","href":"https:\/\/api.w.org\/{rel}","templated":true}]}}