{"id":487,"date":"2014-11-27T15:04:18","date_gmt":"2014-11-27T14:04:18","guid":{"rendered":"http:\/\/www.terrehabitat.be\/wp\/?page_id=487"},"modified":"2025-03-10T17:50:00","modified_gmt":"2025-03-10T16:50:00","slug":"panneaux-disolation-laine-de-chanvre-et-jute","status":"publish","type":"page","link":"https:\/\/www.terrehabitat.be\/wp\/liste-des-materiaux-ecologiques\/isolation-thermique-ecologique\/laine-de-chanvre\/panneaux-disolation-laine-de-chanvre-et-jute\/","title":{"rendered":"Combi jute panneaux d&rsquo;isolation chanvre\/jute"},"content":{"rendered":"<div id=\"pl-487\"  class=\"panel-layout\" ><div id=\"pg-487-0\"  class=\"panel-grid panel-no-style\" ><div id=\"pgc-487-0-0\"  class=\"panel-grid-cell\" ><div id=\"panel-487-0-0-0\" class=\"so-panel widget widget_origin_animated-image panel-first-child\" data-index=\"0\" ><div class=\"origin-widget origin-widget-animated-image origin-widget-animated-image-default-default\"><img decoding=\"async\" src=\"https:\/\/www.terrehabitat.be\/wp\/wp-content\/uploads\/2015\/02\/TH-chanvre.jpg\" style=\"visibility:hidden\" data-animation=\"slide-down\" \/><\/div><\/div><div id=\"panel-487-0-0-1\" class=\"so-panel widget widget_black-studio-tinymce widget_black_studio_tinymce\" data-index=\"1\" ><div class=\"textwidget\"><p><a href=\"https:\/\/www.terrehabitat.be\/wp\/wp-content\/uploads\/2023\/02\/211209_TDS_THERMO_HEMP_COMBI_JUTE.pdf\"><img loading=\"lazy\" decoding=\"async\" class=\"alignnone  wp-image-1758\" src=\"https:\/\/www.terrehabitat.be\/wp\/wp-content\/uploads\/2015\/02\/t\u00e9l\u00e9chargements-640x130.jpg\" alt=\"fiche technique\" width=\"305\" height=\"62\" srcset=\"https:\/\/www.terrehabitat.be\/wp\/wp-content\/uploads\/2015\/02\/t\u00e9l\u00e9chargements-640x130.jpg 640w, https:\/\/www.terrehabitat.be\/wp\/wp-content\/uploads\/2015\/02\/t\u00e9l\u00e9chargements-1024x208.jpg 1024w, https:\/\/www.terrehabitat.be\/wp\/wp-content\/uploads\/2015\/02\/t\u00e9l\u00e9chargements-600x122.jpg 600w\" sizes=\"auto, (max-width: 305px) 100vw, 305px\" \/><\/a><\/p>\n<\/div><\/div><div id=\"panel-487-0-0-2\" class=\"so-panel widget widget_black-studio-tinymce widget_black_studio_tinymce panel-last-child\" data-index=\"2\" ><div class=\"textwidget\"><p><a href=\"https:\/\/www.terrehabitat.be\/wp\/wp-content\/uploads\/2015\/01\/nature-.jpg\"><img loading=\"lazy\" decoding=\"async\" class=\"alignnone  wp-image-1288\" src=\"https:\/\/www.terrehabitat.be\/wp\/wp-content\/uploads\/2015\/01\/nature-.jpg\" alt=\"nature+\" width=\"80\" height=\"80\" srcset=\"https:\/\/www.terrehabitat.be\/wp\/wp-content\/uploads\/2015\/01\/nature-.jpg 225w, https:\/\/www.terrehabitat.be\/wp\/wp-content\/uploads\/2015\/01\/nature--150x150.jpg 150w\" sizes=\"auto, (max-width: 80px) 100vw, 80px\" \/><\/a><\/p>\n<\/div><\/div><\/div><div id=\"pgc-487-0-1\"  class=\"panel-grid-cell\" ><div id=\"panel-487-0-1-0\" class=\"so-panel widget widget_black-studio-tinymce widget_black_studio_tinymce panel-first-child\" data-index=\"3\" ><div class=\"panel-widget-style panel-widget-style-for-487-0-1-0\" ><div class=\"textwidget\"><p><span style=\"color: #ffffff;\">\u00a0 .\u00a0<\/span>\u00a0\u00a0\u00a0 Epaisseurs : 30 - 40 - 50 - 60 - 80 - 100 - 120 - 140 - 160 - 180 - 200 - 220 mm<\/p>\n<p><span style=\"color: #ffffff;\"> .\u00a0\u00a0\u00a0<\/span>\u00a0\u00a0\u00a0 Dimensions standards : 1.20 x 0.65 m - 1.20 x 0.580 m - 2.40 x 1.00 m<\/p>\n<p><span style=\"color: #ffffff;\"> . \u00a0<\/span> \u00a0 \u00a0 Conductivit\u00e9 thermique\u00a0 : 0,040\u00a0W\/(m\u00b7K)<\/p>\n<\/div><\/div><\/div><div id=\"panel-487-0-1-1\" class=\"so-panel widget widget_black-studio-tinymce widget_black_studio_tinymce panel-last-child\" data-index=\"4\" ><div class=\"textwidget\"><h5 style=\"text-align: right;\"><a href=\"https:\/\/www.terrehabitat.be\/wp\/liens\/contact-2\/\"><img loading=\"lazy\" decoding=\"async\" class=\"alignnone wp-image-7543\" src=\"https:\/\/www.terrehabitat.be\/wp\/wp-content\/uploads\/2021\/05\/faire-une-demande-doffre-640x103.jpg\" alt=\"\" width=\"336\" height=\"54\" srcset=\"https:\/\/www.terrehabitat.be\/wp\/wp-content\/uploads\/2021\/05\/faire-une-demande-doffre-640x103.jpg 640w, https:\/\/www.terrehabitat.be\/wp\/wp-content\/uploads\/2021\/05\/faire-une-demande-doffre-1024x165.jpg 1024w, https:\/\/www.terrehabitat.be\/wp\/wp-content\/uploads\/2021\/05\/faire-une-demande-doffre-768x124.jpg 768w, https:\/\/www.terrehabitat.be\/wp\/wp-content\/uploads\/2021\/05\/faire-une-demande-doffre-1536x248.jpg 1536w, https:\/\/www.terrehabitat.be\/wp\/wp-content\/uploads\/2021\/05\/faire-une-demande-doffre-2048x330.jpg 2048w, https:\/\/www.terrehabitat.be\/wp\/wp-content\/uploads\/2021\/05\/faire-une-demande-doffre-300x48.jpg 300w\" sizes=\"auto, (max-width: 336px) 100vw, 336px\" \/><\/a><\/h5>\n<h5><strong style=\"font-weight: bold !important;\">Thermo Natur Combi jute<\/strong> est un isolant \u00e9cologique qui garantit une bonne protection contre le froid en hiver et contre la chaleur en \u00e9t\u00e9. Il a l\u2019immense qualit\u00e9 de pouvoir absorber l\u2019humidit\u00e9 de l\u2019air et de la restituer quand l\u2019atmosph\u00e8re est trop s\u00e8che, sans alt\u00e9rer son pouvoir isolant, donc il climatise l\u2019air ambiant de vos pi\u00e8ces.<\/h5>\n<h5>Domaines d'application : toiture, grenier, mur int\u00e9rieur et ext\u00e9rieur, plancher et plafond.<\/h5>\n<p>Les panneaux de laine de chanvre \/jute vous offrent tous les atouts de l'habitat naturel dans les constructions neuves et anciennes:<\/p>\n<ul>\n<li>Valide pour l'obtention de la prime de la R\u00e9gion Wallonne<\/li>\n<li>Gain de temps : panneaux fabriqu\u00e9s\u00a0sur mesure<\/li>\n<li>Conductivit\u00e9 thermique de 0,040\u00a0W\/(m\u00b7K)<\/li>\n<li>Densit\u00e9 : 30kg\/m\u00b2 min<\/li>\n<li>R\u00e9gulation automatique de l'humidit\u00e9 dans l'habitat<\/li>\n<li>Fraicheur en \u00e9t\u00e9 - chaleur en hiver<\/li>\n<li>Ph\u00e9nom\u00e8ne de climatisation naturel et am\u00e9lioration de l'air ambiant<\/li>\n<li>Calcul de point de ros\u00e9e gratuit pour les constructions<\/li>\n<li>Label NATURE PLUS = d\u00e9claration compl\u00e8te de tous les composants<\/li>\n<li>Symbole R = protection des ressources fossiles<\/li>\n<li>Un produit de haute qualit\u00e9 \u00e9cologique,\u00a0poss\u00e8de l'agr\u00e9ment technique europ\u00e9en (AET -05\/0037)<\/li>\n<li>La meilleure note \u00ab0\u00bb dans un test de r\u00e9action \u00e0 la moisissure<\/li>\n<\/ul>\n<p><span dir=\"ltr\">Description<\/span><\/p>\n<ul>\n<li><span dir=\"ltr\">Isolant ayant l\u2019Avis Technique Europ\u00e9en ATE<\/span><span dir=\"ltr\">- Panneaux ou rouleaux en fibres de jute et de chanvre, flexibles, sans ph\u00e9nom\u00e8ne de tassement<\/span><\/li>\n<li><span dir=\"ltr\">Combinaison de mati\u00e8res primaires uniques avec des fibres de jute fines et fibres de chanvre robustes et durables<\/span><\/li>\n<li><span dir=\"ltr\">\u00a0Deuxi\u00e8me cycle de vie pour les fibres de jute<\/span><span dir=\"ltr\">- Processus de fabrication par thermocollage utilisant 100 % d\u2019\u00e9lectricit\u00e9 naturelle<\/span><\/li>\n<li><span dir=\"ltr\">Caract\u00e9ristique<\/span><\/li>\n<li><span dir=\"ltr\">Excellente protection contre le froid \u00e0 cause de sa faible conductivit\u00e9 thermique<\/span><span dir=\"ltr\">- Excellente protection contre la chaleur d\u2019\u00e9t\u00e9, gr\u00e2ce \u00e0 sa capacit\u00e9 \u00e9lev\u00e9e \u00e0 stocker et \u00e0 r\u00e9guler la chaleur<\/span><\/li>\n<li><span dir=\"ltr\">Bonnes qualit\u00e9s d\u2019isolation phonique<\/span><span dir=\"ltr\">- Facile \u00e0 couper avec les scies \u00e9go\u00efnes ou le couteau THERMO NATUR<\/span><\/li>\n<li><span dir=\"ltr\">Id\u00e9al pour les professionnels et les bricoleurs<\/span><span dir=\"ltr\">- Effet de r\u00e9gulation de l\u2019humidit\u00e9 par sa capacit\u00e9 d\u2019absorption \u00e9lev\u00e9e <\/span><\/li>\n<li><span dir=\"ltr\">Pas de rongeurs, mites ou d\u2018autres insectes<\/span><\/li>\n<li><\/li>\n<li><span dir=\"ltr\">Domaines d\u2019application <\/span><\/li>\n<li><span dir=\"ltr\">Isolation entre les chevrons<\/span><span dir=\"ltr\">- Isolation sur les chevrons entre les chevrons d\u2019appui et les contre-chevrons<\/span><\/li>\n<li><span dir=\"ltr\">Isolation sous les chevrons<\/span><\/li>\n<li><span dir=\"ltr\">Isolation plafonds avec poutres en bois<\/span><\/li>\n<li><span dir=\"ltr\">Isolation des murs ext\u00e9rieurs et int\u00e9rieurs dans des constructions en ossature bois ou en support bois<\/span><\/li>\n<li><span dir=\"ltr\">Isolation des murs avec rails m\u00e9talliques<\/span><span dir=\"ltr\">- Isolation dans les constructions ma\u00e7onn\u00e9es<\/span><\/li>\n<li><span dir=\"ltr\">Isolation ext\u00e9rieure des murs, avec une lame d\u2019aire<\/span><\/li>\n<li><span dir=\"ltr\">renseignements g\u00e9n\u00e9raux<\/span><\/li>\n<li><span dir=\"ltr\"> THERMO CHANvRE COMBI JUTE est \u00e0 stocker et travailler au sec<\/span><\/li>\n<li><span dir=\"ltr\">A stocker verticalement<\/span><\/li>\n<li><span dir=\"ltr\">Assurer une ventilation suffisante pendant la pose<\/span><\/li>\n<li><span dir=\"ltr\">La pose se fait sans joints, avec un surdimensionnement de 10 \u2013 30 mm de largeur en plus que l\u2019intervalle entre les chevrons.<\/span><\/li>\n<\/ul>\n<p>&nbsp;<\/p>\n<\/div><\/div><\/div><\/div><\/div>","protected":false},"excerpt":{"rendered":"<p>\u00a0 .\u00a0\u00a0\u00a0\u00a0 Epaisseurs : 30 &#8211; 40 &#8211; 50 &#8211; 60 &#8211; 80 &#8211; 100 &#8211; 120 &#8211; 140 &#8211; 160 &#8211; 180 &#8211; 200 &#8211; 220 mm .\u00a0\u00a0\u00a0\u00a0\u00a0\u00a0 Dimensions standards : 1.20 x 0.65 m &#8211; 1.20 x 0.580 m &#8211; 2.40 x 1.00 m . \u00a0 \u00a0 \u00a0&#8230;<\/p>\n","protected":false},"author":2183,"featured_media":0,"parent":143,"menu_order":0,"comment_status":"closed","ping_status":"closed","template":"page-fullwidth.php","meta":{"footnotes":""},"class_list":["post-487","page","type-page","status-publish","hentry"],"_links":{"self":[{"href":"https:\/\/www.terrehabitat.be\/wp\/wp-json\/wp\/v2\/pages\/487","targetHints":{"allow":["GET"]}}],"collection":[{"href":"https:\/\/www.terrehabitat.be\/wp\/wp-json\/wp\/v2\/pages"}],"about":[{"href":"https:\/\/www.terrehabitat.be\/wp\/wp-json\/wp\/v2\/types\/page"}],"author":[{"embeddable":true,"href":"https:\/\/www.terrehabitat.be\/wp\/wp-json\/wp\/v2\/users\/2183"}],"replies":[{"embeddable":true,"href":"https:\/\/www.terrehabitat.be\/wp\/wp-json\/wp\/v2\/comments?post=487"}],"version-history":[{"count":28,"href":"https:\/\/www.terrehabitat.be\/wp\/wp-json\/wp\/v2\/pages\/487\/revisions"}],"predecessor-version":[{"id":8709,"href":"https:\/\/www.terrehabitat.be\/wp\/wp-json\/wp\/v2\/pages\/487\/revisions\/8709"}],"up":[{"embeddable":true,"href":"https:\/\/www.terrehabitat.be\/wp\/wp-json\/wp\/v2\/pages\/143"}],"wp:attachment":[{"href":"https:\/\/www.terrehabitat.be\/wp\/wp-json\/wp\/v2\/media?parent=487"}],"curies":[{"name":"wp","href":"https:\/\/api.w.org\/{rel}","templated":true}]}}