{"id":3860,"date":"2015-10-23T13:05:57","date_gmt":"2015-10-23T12:05:57","guid":{"rendered":"http:\/\/www.terrehabitat.be\/wp\/?page_id=3860"},"modified":"2016-04-06T14:22:07","modified_gmt":"2016-04-06T13:22:07","slug":"ondes-eletromagnetiques","status":"publish","type":"page","link":"https:\/\/www.terrehabitat.be\/wp\/liens\/ondes-eletromagnetiques\/","title":{"rendered":"Ondes \u00e9lectromagn\u00e9tiques : faites analyser votre maison"},"content":{"rendered":"<div id=\"pl-3860\"  class=\"panel-layout\" ><div id=\"pg-3860-0\"  class=\"panel-grid panel-no-style\" ><div id=\"pgc-3860-0-0\"  class=\"panel-grid-cell\" ><div id=\"panel-3860-0-0-0\" class=\"so-panel widget widget_black-studio-tinymce widget_black_studio_tinymce panel-first-child\" data-index=\"0\" ><div class=\"textwidget\"><p><a href=\"https:\/\/www.terrehabitat.be\/wp\/wp-content\/uploads\/2015\/10\/d\u00e9tecteur-dondes-\u00e9lectromagn\u00e9tiques.jpg\"><img loading=\"lazy\" decoding=\"async\" class=\"alignnone size-full wp-image-3858\" src=\"https:\/\/www.terrehabitat.be\/wp\/wp-content\/uploads\/2015\/10\/d\u00e9tecteur-dondes-\u00e9lectromagn\u00e9tiques.jpg\" alt=\"d\u00e9tecteur d'ondes \u00e9lectromagn\u00e9tiques\" width=\"225\" height=\"225\" srcset=\"https:\/\/www.terrehabitat.be\/wp\/wp-content\/uploads\/2015\/10\/d\u00e9tecteur-dondes-\u00e9lectromagn\u00e9tiques.jpg 225w, https:\/\/www.terrehabitat.be\/wp\/wp-content\/uploads\/2015\/10\/d\u00e9tecteur-dondes-\u00e9lectromagn\u00e9tiques-150x150.jpg 150w\" sizes=\"auto, (max-width: 225px) 100vw, 225px\" \/><\/a><\/p>\n<\/div><\/div><div id=\"panel-3860-0-0-1\" class=\"so-panel widget widget_black-studio-tinymce widget_black_studio_tinymce panel-last-child\" data-index=\"1\" ><div class=\"textwidget\"><p><img loading=\"lazy\" decoding=\"async\" class=\"alignnone  wp-image-3907\" src=\"https:\/\/www.terrehabitat.be\/wp\/wp-content\/uploads\/2016\/02\/ondes-\u00e9lectromagn\u00e9tiques-dect.png\" alt=\"ondes \u00e9lectromagn\u00e9tiques dect\" width=\"165\" height=\"117\" \/>\u00a0 <a href=\"https:\/\/www.terrehabitat.be\/wp\/wp-content\/uploads\/2016\/02\/visite-de-maison-ondes-\u00e9lectromagn\u00e9tiques.png\" rel=\"attachment wp-att-3906\"><img loading=\"lazy\" decoding=\"async\" class=\"alignnone  wp-image-3906\" src=\"https:\/\/www.terrehabitat.be\/wp\/wp-content\/uploads\/2016\/02\/visite-de-maison-ondes-\u00e9lectromagn\u00e9tiques.png\" alt=\"visite de maison ondes \u00e9lectromagn\u00e9tiques\" width=\"149\" height=\"106\" \/><\/a><\/p>\n<p><a href=\"https:\/\/www.youtube.com\/watch?v=aADFctCIo-I\" rel=\"attachment wp-att-3941\"><img loading=\"lazy\" decoding=\"async\" class=\"alignnone  wp-image-3941\" src=\"https:\/\/www.terrehabitat.be\/wp\/wp-content\/uploads\/2016\/02\/alors-on-change-vivre-sans-ondes-electromagn\u00e9tiques.jpg\" alt=\"alors on change- vivre sans ondes electromagn\u00e9tiques\" width=\"323\" height=\"181\" \/><\/a><\/p>\n<\/div><\/div><\/div><div id=\"pgc-3860-0-1\"  class=\"panel-grid-cell\" ><div id=\"panel-3860-0-1-0\" class=\"so-panel widget widget_black-studio-tinymce widget_black_studio_tinymce panel-first-child\" data-index=\"2\" ><div class=\"panel-widget-style panel-widget-style-for-3860-0-1-0\" ><div class=\"textwidget\"><div>\u00a0\u00a0\u00a0\u00a0\u00a0\u00a0 <\/div>\n<div>\u00a0<\/div>\n<div>\u00a0<\/div>\n<p>\u00a0\u00a0\u00a0\u00a0\u00a0\u00a0 TERREHABITAT vous propose un nouveau service : la visite de votre habitation avec un mat\u00e9riel<\/p>\n<p>\u00a0\u00a0\u00a0\u00a0\u00a0\u00a0 professionnel de d\u00e9tection des ondes \u00e9lectromagn\u00e9tiques.<\/p>\n<div>\u00a0<\/div>\n<div>\u00a0<\/div>\n<div>\u00a0<\/div>\n<\/div><\/div><\/div><div id=\"panel-3860-0-1-1\" class=\"so-panel widget widget_black-studio-tinymce widget_black_studio_tinymce panel-last-child\" data-index=\"3\" ><div class=\"textwidget\"><h5>Nous vous proposons, lors de notre visite, de d\u00e9terminer les sources de pollution, les quantifier, estimer leur danger et proposer les solutions les plus simples possibles.<\/h5>\n<p>T\u00e9l\u00e9phones portables, wifi, DECT (t\u00e9l\u00e9phone de maison sans fil), fours \u00e0 micro-ondes et autres \u00e9quipements bluetooth ... La pr\u00e9sence d'ondes \u00e9lectromagn\u00e9tiques autour de nous n'est pas une fatalit\u00e9 et de plus, souvent, elle n'est pas tributaire d'installations ext\u00e9rieures \u00e0 la maison mais bien d'appareils install\u00e9s par les habitants eux-m\u00eames ! Elles sont invisibles, inodores, mais identifiables et mesurables.<\/p>\n<p>Faire le constat de la 'salubrit\u00e9' \u00e9lectromagn\u00e9tique de votre habitation est un premier pas dans la prise de conscience de la pr\u00e9sence des hautes fr\u00e9quences chez vous.<\/p>\n<p>Il possible d'adapter les installations fonctionnant par ondes \u00e0 peu de frais. Nous vous guiderons dans cette d\u00e9marche.<\/p>\n<p>Voici quelques conseils que vous pouvez mettre en pratique vous-m\u00eame.<\/p>\n<h4 class=\"inter-titre\">Bien utiliser son t\u00e9l\u00e9phone portable<\/h4>\n<p>Achat : veillez \u00e0 choisir un appareil peu \u00e9missif, au DAS le plus bas possible (cat\u00e9gorie A ou inf\u00e9roeur \u00e0 0.5).<\/p>\n<p>Utilisation : Pour r\u00e9duire votre exposition, il est important d\u2019optimiser son utilisation. Pour cela, t\u00e9l\u00e9phonez uniquement dans les zones de bonne r\u00e9ception et \u00e9vitez de l\u2019utiliser en voiture et dans le train qui font cage de Faraday, utilisez le plus souvent la fonction haut parleur afin de garder l'appareil \u00e0 minimum 1m de vous, ...<\/p>\n<p>Ne gardez pas non plus votre t\u00e9l\u00e9phone portable en permanence sur vous et \u00e9teignez-le (ou mettez-le en mode avion). Pour la nuit, gardez-le hors de votre chambre.<\/p>\n<h4>T\u00e9l\u00e9phones fixes sans fil : DECT<\/h4>\n<p>Sachez que les t\u00e9l\u00e9phones fixes sans fil fonctionnent aussi gr\u00e2ce aux ondes, et pas des moindres : chez vous, changez pour un t\u00e9l\u00e9phone filaire. Ici, pas de concession possible !<\/p>\n<h4 class=\"inter-titre\">\u00c9teindre son wifi<\/h4>\n<p>Pour se prot\u00e9ger efficacement des ondes \u00e9lectromagn\u00e9tiques, il est important d\u2019\u00e9teindre son r\u00e9seau wifi quand il n'est pas utilis\u00e9. Veillez \u00e0 placer la B box \u00e0 trois m\u00e8tres des lieux o\u00f9 vous s\u00e9journez r\u00e9guli\u00e8rement. Encore mieux, connectez-vous \u00e0 internet gr\u00e2ce \u00e0 un r\u00e9seau filaire.<\/p>\n<p>Sachez aussi que les B boxes sont g\u00e9n\u00e9ralement fournies avec le wifi activ\u00e9 par d\u00e9faut. Vous devez donc le d\u00e9sactiver m\u00eame si vous ne l\u2019utilisez pas. Si vous habitez en appartement, l\u2019id\u00e9al est bien s\u00fbr de convaincre vos voisins de faire de m\u00eame afin de vous pr\u00e9munir totalement (ou presque) des \u00e9missions d\u2019ondes.<\/p>\n<p><a href=\"http:\/\/support.fr.proximus.be\/app\/answers\/detail\/a_id\/16069\/~\/comment-d%C3%A9sactiver-le-wi-fi-%3F\">Pour d\u00e9sactiver votre wifi : lien vers le site.<\/a><\/p>\n<p>\u00a0<\/p>\n<\/div><\/div><\/div><\/div><\/div>","protected":false},"excerpt":{"rendered":"<p>\u00a0 \u00a0\u00a0\u00a0\u00a0\u00a0\u00a0 \u00a0\u00a0\u00a0\u00a0\u00a0\u00a0\u00a0\u00a0 TERREHABITAT vous propose un nouveau service : la visite de votre habitation avec un mat\u00e9riel\u00a0\u00a0\u00a0\u00a0\u00a0\u00a0 professionnel de d\u00e9tection des ondes \u00e9lectromagn\u00e9tiques.\u00a0\u00a0\u00a0 Nous vous proposons, lors de notre visite, de d\u00e9terminer les sources de pollution, les quantifier, estimer leur danger et proposer les solutions les plus simples possibles.T\u00e9l\u00e9phones&#8230;<\/p>\n","protected":false},"author":2183,"featured_media":0,"parent":1839,"menu_order":5,"comment_status":"closed","ping_status":"closed","template":"page-fullwidth.php","meta":{"footnotes":""},"class_list":["post-3860","page","type-page","status-publish","hentry"],"_links":{"self":[{"href":"https:\/\/www.terrehabitat.be\/wp\/wp-json\/wp\/v2\/pages\/3860","targetHints":{"allow":["GET"]}}],"collection":[{"href":"https:\/\/www.terrehabitat.be\/wp\/wp-json\/wp\/v2\/pages"}],"about":[{"href":"https:\/\/www.terrehabitat.be\/wp\/wp-json\/wp\/v2\/types\/page"}],"author":[{"embeddable":true,"href":"https:\/\/www.terrehabitat.be\/wp\/wp-json\/wp\/v2\/users\/2183"}],"replies":[{"embeddable":true,"href":"https:\/\/www.terrehabitat.be\/wp\/wp-json\/wp\/v2\/comments?post=3860"}],"version-history":[{"count":16,"href":"https:\/\/www.terrehabitat.be\/wp\/wp-json\/wp\/v2\/pages\/3860\/revisions"}],"predecessor-version":[{"id":3963,"href":"https:\/\/www.terrehabitat.be\/wp\/wp-json\/wp\/v2\/pages\/3860\/revisions\/3963"}],"up":[{"embeddable":true,"href":"https:\/\/www.terrehabitat.be\/wp\/wp-json\/wp\/v2\/pages\/1839"}],"wp:attachment":[{"href":"https:\/\/www.terrehabitat.be\/wp\/wp-json\/wp\/v2\/media?parent=3860"}],"curies":[{"name":"wp","href":"https:\/\/api.w.org\/{rel}","templated":true}]}}