{"id":3245,"date":"2015-05-29T13:53:09","date_gmt":"2015-05-29T12:53:09","guid":{"rendered":"http:\/\/www.terrehabitat.be\/wp\/?page_id=3245"},"modified":"2025-03-10T17:48:08","modified_gmt":"2025-03-10T16:48:08","slug":"isolant-laine-de-mouton","status":"publish","type":"page","link":"https:\/\/www.terrehabitat.be\/wp\/liste-des-materiaux-ecologiques\/isolation-thermique-ecologique\/isolant-laine-de-mouton-2\/isolant-laine-de-mouton\/","title":{"rendered":"Belgolan panneaux de laine de mouton belge"},"content":{"rendered":"<div id=\"pl-3245\"  class=\"panel-layout\" ><div id=\"pg-3245-0\"  class=\"panel-grid panel-no-style\" ><div id=\"pgc-3245-0-0\"  class=\"panel-grid-cell\" ><div id=\"panel-3245-0-0-0\" class=\"so-panel widget widget_origin_animated-image panel-first-child\" data-index=\"0\" ><div class=\"origin-widget origin-widget-animated-image origin-widget-animated-image-default-default\"><img decoding=\"async\" src=\"https:\/\/www.terrehabitat.be\/wp\/wp-content\/uploads\/2015\/05\/MATELIS_SEMIS_RIGIDES.jpg\" style=\"visibility:hidden\" data-animation=\"slide-down\" \/><\/div><\/div><div id=\"panel-3245-0-0-1\" class=\"so-panel widget widget_black-studio-tinymce widget_black_studio_tinymce panel-last-child\" data-index=\"1\" ><div class=\"textwidget\"><p><a href=\"https:\/\/www.terrehabitat.be\/wp\/wp-content\/uploads\/2015\/07\/isolation-laine-de-mouton.jpg\"><img loading=\"lazy\" decoding=\"async\" class=\"alignnone wp-image-3495\" src=\"https:\/\/www.terrehabitat.be\/wp\/wp-content\/uploads\/2015\/07\/isolation-laine-de-mouton-640x480.jpg\" alt=\"isolation laine de mouton\" width=\"162\" height=\"121\" srcset=\"https:\/\/www.terrehabitat.be\/wp\/wp-content\/uploads\/2015\/07\/isolation-laine-de-mouton-640x480.jpg 640w, https:\/\/www.terrehabitat.be\/wp\/wp-content\/uploads\/2015\/07\/isolation-laine-de-mouton-600x450.jpg 600w, https:\/\/www.terrehabitat.be\/wp\/wp-content\/uploads\/2015\/07\/isolation-laine-de-mouton.jpg 900w\" sizes=\"auto, (max-width: 162px) 100vw, 162px\" \/><\/a><\/p>\n<p><a href=\"https:\/\/www.terrehabitat.be\/wp\/wp-content\/uploads\/2024\/05\/Logo_Label_Biosource-wallon.jpg\"><img loading=\"lazy\" decoding=\"async\" class=\"alignnone size-full wp-image-8474\" src=\"https:\/\/www.terrehabitat.be\/wp\/wp-content\/uploads\/2024\/05\/Logo_Label_Biosource-wallon.jpg\" alt=\"Loga label biosourc\u00e9 fili\u00e8re walonne Terrehabitat\" width=\"379\" height=\"248\" srcset=\"https:\/\/www.terrehabitat.be\/wp\/wp-content\/uploads\/2024\/05\/Logo_Label_Biosource-wallon.jpg 379w, https:\/\/www.terrehabitat.be\/wp\/wp-content\/uploads\/2024\/05\/Logo_Label_Biosource-wallon-122x80.jpg 122w\" sizes=\"auto, (max-width: 379px) 100vw, 379px\" \/><\/a><\/p>\n<p><a href=\"https:\/\/drive.google.com\/file\/d\/1C91IfSPgyc10jKyR_fodiCWoxA_zG-wJ\/view?usp=drive_link\"><img loading=\"lazy\" decoding=\"async\" class=\"alignleft wp-image-1758\" src=\"https:\/\/www.terrehabitat.be\/wp\/wp-content\/uploads\/2015\/02\/t\u00e9l\u00e9chargements-640x130.jpg\" alt=\"t\u00e9l\u00e9chargements\" width=\"305\" height=\"62\" srcset=\"https:\/\/www.terrehabitat.be\/wp\/wp-content\/uploads\/2015\/02\/t\u00e9l\u00e9chargements-640x130.jpg 640w, https:\/\/www.terrehabitat.be\/wp\/wp-content\/uploads\/2015\/02\/t\u00e9l\u00e9chargements-1024x208.jpg 1024w, https:\/\/www.terrehabitat.be\/wp\/wp-content\/uploads\/2015\/02\/t\u00e9l\u00e9chargements-600x122.jpg 600w\" sizes=\"auto, (max-width: 305px) 100vw, 305px\" \/><\/a><\/p>\n<\/div><\/div><\/div><div id=\"pgc-3245-0-1\"  class=\"panel-grid-cell\" ><div id=\"panel-3245-0-1-0\" class=\"so-panel widget widget_black-studio-tinymce widget_black_studio_tinymce panel-first-child\" data-index=\"2\" ><div class=\"panel-widget-style panel-widget-style-for-3245-0-1-0\" ><div class=\"textwidget\"><p>&nbsp;<\/p>\n<p><span style=\"color: #ffffff;\">.\u00a0<\/span> \u00a0\u00a0\u00a0\u00a0 Lambda 0,036 (ETA - 11\/0318)<br \/>\n<span style=\"color: #ffffff;\">.\u00a0\u00a0\u00a0\u00a0 \u00a0<\/span> Densit\u00e9 = 26-30 kg\/m\u00b3<br \/>\n<span style=\"color: #ffffff;\">.<\/span>\u00a0\u00a0\u00a0\u00a0\u00a0\u00a0 \u00c9paisseurs : 30, 40, 60, 80, 100, 120 cm<\/p>\n<p><span style=\"color: #ffffff;\">.\u00a0<\/span> \u00a0 \u00a0\u00a0 Dimensions : 100 x 120 cm<\/p>\n<p><span style=\"color: #ffffff;\">.<\/span>\u00a0\u00a0\u00a0\u00a0\u00a0\u00a0 Panneau 100 x 120 cm = 1,20 m2 par panneau<\/p>\n<\/div><\/div><\/div><div id=\"panel-3245-0-1-1\" class=\"so-panel widget widget_black-studio-tinymce widget_black_studio_tinymce panel-last-child\" data-index=\"3\" ><div class=\"textwidget\"><h5 style=\"text-align: right;\"><a href=\"https:\/\/www.terrehabitat.be\/wp\/liens\/contact-2\/\"><img loading=\"lazy\" decoding=\"async\" class=\"alignnone wp-image-7543\" src=\"https:\/\/www.terrehabitat.be\/wp\/wp-content\/uploads\/2021\/05\/faire-une-demande-doffre-640x103.jpg\" alt=\"\" width=\"373\" height=\"60\" srcset=\"https:\/\/www.terrehabitat.be\/wp\/wp-content\/uploads\/2021\/05\/faire-une-demande-doffre-640x103.jpg 640w, https:\/\/www.terrehabitat.be\/wp\/wp-content\/uploads\/2021\/05\/faire-une-demande-doffre-1024x165.jpg 1024w, https:\/\/www.terrehabitat.be\/wp\/wp-content\/uploads\/2021\/05\/faire-une-demande-doffre-768x124.jpg 768w, https:\/\/www.terrehabitat.be\/wp\/wp-content\/uploads\/2021\/05\/faire-une-demande-doffre-1536x248.jpg 1536w, https:\/\/www.terrehabitat.be\/wp\/wp-content\/uploads\/2021\/05\/faire-une-demande-doffre-2048x330.jpg 2048w, https:\/\/www.terrehabitat.be\/wp\/wp-content\/uploads\/2021\/05\/faire-une-demande-doffre-300x48.jpg 300w\" sizes=\"auto, (max-width: 373px) 100vw, 373px\" \/><\/a><\/h5>\n<h5>Belgolan, isolant en laine de mouton : le panneaux isolants semi-rigides de la fili\u00e8re wallonne !<\/h5>\n<p>Le panneau belgolan est un isolation thermique et acoustique particuli\u00e8rement recommand\u00e9 pour ces performances durable et saine (filtre l'aire). Le belgolan r\u00e9gule l'humidit\u00e9, pr\u00e9vient les d\u00e9perditions de chaleur en hiver, am\u00e9liore l'isolation phonique, procure un environnement int\u00e9rieur sain et contribue \u00e0 un fonctionnement domestique plus efficace.<\/p>\n<p>Les panneaux de laine de mouton sont utilis\u00e9s pour l'isolation des murs ext\u00e9rieurs, cloisons int\u00e9rieurs, planchers, rampants de toitures et combles perdus. La laine de mouton est mise en \u0153uvre au sein d'une ossature (de pr\u00e9f\u00e9rence en bois). L'isolant est d\u00e9coup\u00e9 \u00e0 la largeur entre ossature, major\u00e9e de 2cm, afin d'assurer un effet ressort.<\/p>\n<p>La laine de mouton peut absorber jusqu\u2018\u00e0 33 % de son poids en humidit\u00e9 sans perdre ses propri\u00e9t\u00e9s isolantes. C\u2019est pourquoi le pare-vapeur et m\u00eame souvent l'\u00e9cran pare-vapeur ne sont pas n\u00e9cessaires. De plus, contrairement \u00e0 ce que nous sommes nombreux \u00e0 penser, la laine de mouton n\u2019attire pas les rongeurs. Cette derni\u00e8re poss\u00e8de des capacit\u00e9s de r\u00e9tractation, emp\u00eachant les rongeurs de s\u2019y installer.<\/p>\n<p>Fabriqu\u00e9s en Belgique \u00e0 partir de mat\u00e9riaux d'origine locale.<\/p>\n<p>Il est particuli\u00e8rement agr\u00e9able \u00e0 poser car il ne gratte pas.<\/p>\n<p>Le panneau est compos\u00e9 de 85% laine de mouton + 15% polyester Peut absorber jusqu'\u00e0 30% de son poids en humidit\u00e9 sans perdre son pouvoir isolant.<\/p>\n<\/div><\/div><\/div><\/div><\/div>","protected":false},"excerpt":{"rendered":"<p>&nbsp; .\u00a0 \u00a0\u00a0\u00a0\u00a0 Lambda 0,036 (ETA &#8211; 11\/0318) .\u00a0\u00a0\u00a0\u00a0 \u00a0 Densit\u00e9 = 26-30 kg\/m\u00b3 .\u00a0\u00a0\u00a0\u00a0\u00a0\u00a0 \u00c9paisseurs : 30, 40, 60, 80, 100, 120 cm .\u00a0 \u00a0 \u00a0\u00a0 Dimensions : 100 x 120 cm .\u00a0\u00a0\u00a0\u00a0\u00a0\u00a0 Panneau 100 x 120 cm = 1,20 m2 par panneau Belgolan, isolant en laine de mouton&#8230;<\/p>\n","protected":false},"author":2183,"featured_media":0,"parent":3256,"menu_order":0,"comment_status":"closed","ping_status":"closed","template":"page-fullwidth.php","meta":{"footnotes":""},"class_list":["post-3245","page","type-page","status-publish","hentry"],"_links":{"self":[{"href":"https:\/\/www.terrehabitat.be\/wp\/wp-json\/wp\/v2\/pages\/3245","targetHints":{"allow":["GET"]}}],"collection":[{"href":"https:\/\/www.terrehabitat.be\/wp\/wp-json\/wp\/v2\/pages"}],"about":[{"href":"https:\/\/www.terrehabitat.be\/wp\/wp-json\/wp\/v2\/types\/page"}],"author":[{"embeddable":true,"href":"https:\/\/www.terrehabitat.be\/wp\/wp-json\/wp\/v2\/users\/2183"}],"replies":[{"embeddable":true,"href":"https:\/\/www.terrehabitat.be\/wp\/wp-json\/wp\/v2\/comments?post=3245"}],"version-history":[{"count":24,"href":"https:\/\/www.terrehabitat.be\/wp\/wp-json\/wp\/v2\/pages\/3245\/revisions"}],"predecessor-version":[{"id":8707,"href":"https:\/\/www.terrehabitat.be\/wp\/wp-json\/wp\/v2\/pages\/3245\/revisions\/8707"}],"up":[{"embeddable":true,"href":"https:\/\/www.terrehabitat.be\/wp\/wp-json\/wp\/v2\/pages\/3256"}],"wp:attachment":[{"href":"https:\/\/www.terrehabitat.be\/wp\/wp-json\/wp\/v2\/media?parent=3245"}],"curies":[{"name":"wp","href":"https:\/\/api.w.org\/{rel}","templated":true}]}}