{"id":3068,"date":"2015-05-13T15:06:19","date_gmt":"2015-05-13T14:06:19","guid":{"rendered":"http:\/\/www.terrehabitat.be\/wp\/?page_id=3068"},"modified":"2025-04-02T18:41:39","modified_gmt":"2025-04-02T17:41:39","slug":"peinture-a-la-chaux-de-galtane","status":"publish","type":"page","link":"https:\/\/www.terrehabitat.be\/wp\/peintures-naturelles\/peintures-ecologiques-pour-murs-et-plafonds\/peinture-a-la-chaux-de-galtane\/","title":{"rendered":"Peinture \u00e0 la chaux de Galtane"},"content":{"rendered":"<div id=\"pl-3068\"  class=\"panel-layout\" ><div id=\"pg-3068-0\"  class=\"panel-grid panel-no-style\" ><div id=\"pgc-3068-0-0\"  class=\"panel-grid-cell\" ><div id=\"panel-3068-0-0-0\" class=\"so-panel widget widget_origin_animated-image panel-first-child\" data-index=\"0\" ><div class=\"origin-widget origin-widget-animated-image origin-widget-animated-image-default-default\"><img decoding=\"async\" src=\"https:\/\/www.terrehabitat.be\/wp\/wp-content\/uploads\/2021\/01\/peinture-a-la-chaux-terrehabitat-galtane.jpg\" style=\"visibility:hidden\" data-animation=\"slide-down\" \/><\/div><\/div><div id=\"panel-3068-0-0-1\" class=\"so-panel widget widget_black-studio-tinymce widget_black_studio_tinymce\" data-index=\"1\" ><div class=\"textwidget\"><div class=\"rteright\"><a href=\"https:\/\/www.terrehabitat.be\/wp\/wp-content\/uploads\/2021\/01\/peinture-\u00e0-la-chaux-Galtane-terrehabitat.jpeg\"><img loading=\"lazy\" decoding=\"async\" class=\"alignnone wp-image-6770\" src=\"https:\/\/www.terrehabitat.be\/wp\/wp-content\/uploads\/2021\/01\/peinture-\u00e0-la-chaux-Galtane-terrehabitat-640x480.jpeg\" alt=\"\" width=\"141\" height=\"188\" \/><\/a><a href=\"https:\/\/www.terrehabitat.be\/wp\/wp-content\/uploads\/2017\/11\/PEINTURE-a-LA-CHAUX-DE-GALTANE-TERREHABITAT-e1511259459649.jpg\">\u00a0 <img loading=\"lazy\" decoding=\"async\" class=\"alignnone wp-image-4919\" src=\"https:\/\/www.terrehabitat.be\/wp\/wp-content\/uploads\/2017\/11\/PEINTURE-a-LA-CHAUX-DE-GALTANE-TERREHABITAT-e1511259459649-480x640.jpg\" alt=\"\" width=\"140\" height=\"187\" srcset=\"https:\/\/www.terrehabitat.be\/wp\/wp-content\/uploads\/2017\/11\/PEINTURE-a-LA-CHAUX-DE-GALTANE-TERREHABITAT-e1511259459649-480x640.jpg 480w, https:\/\/www.terrehabitat.be\/wp\/wp-content\/uploads\/2017\/11\/PEINTURE-a-LA-CHAUX-DE-GALTANE-TERREHABITAT-e1511259459649-768x1024.jpg 768w, https:\/\/www.terrehabitat.be\/wp\/wp-content\/uploads\/2017\/11\/PEINTURE-a-LA-CHAUX-DE-GALTANE-TERREHABITAT-e1511259459649-600x800.jpg 600w\" sizes=\"auto, (max-width: 140px) 100vw, 140px\" \/><\/a><\/div>\n<div><a href=\"https:\/\/www.terrehabitat.be\/wp\/wp-content\/uploads\/2021\/01\/peinture-a-la-chaux-brosse-terrehabitat-galtane.jpg\"><img loading=\"lazy\" decoding=\"async\" class=\"alignnone  wp-image-6776\" src=\"https:\/\/www.terrehabitat.be\/wp\/wp-content\/uploads\/2021\/01\/peinture-a-la-chaux-brosse-terrehabitat-galtane.jpg\" alt=\"\" width=\"251\" height=\"251\" srcset=\"https:\/\/www.terrehabitat.be\/wp\/wp-content\/uploads\/2021\/01\/peinture-a-la-chaux-brosse-terrehabitat-galtane.jpg 350w, https:\/\/www.terrehabitat.be\/wp\/wp-content\/uploads\/2021\/01\/peinture-a-la-chaux-brosse-terrehabitat-galtane-150x150.jpg 150w, https:\/\/www.terrehabitat.be\/wp\/wp-content\/uploads\/2021\/01\/peinture-a-la-chaux-brosse-terrehabitat-galtane-80x80.jpg 80w\" sizes=\"auto, (max-width: 251px) 100vw, 251px\" \/><\/a> <a href=\"https:\/\/www.terrehabitat.be\/wp\/wp-content\/uploads\/2021\/01\/peinture-a-la-chaux-galtane.jpg\"><img loading=\"lazy\" decoding=\"async\" class=\"alignnone  wp-image-6777\" src=\"https:\/\/www.terrehabitat.be\/wp\/wp-content\/uploads\/2021\/01\/peinture-a-la-chaux-galtane.jpg\" alt=\"\" width=\"250\" height=\"250\" srcset=\"https:\/\/www.terrehabitat.be\/wp\/wp-content\/uploads\/2021\/01\/peinture-a-la-chaux-galtane.jpg 350w, https:\/\/www.terrehabitat.be\/wp\/wp-content\/uploads\/2021\/01\/peinture-a-la-chaux-galtane-150x150.jpg 150w, https:\/\/www.terrehabitat.be\/wp\/wp-content\/uploads\/2021\/01\/peinture-a-la-chaux-galtane-80x80.jpg 80w\" sizes=\"auto, (max-width: 250px) 100vw, 250px\" \/><\/a><\/div>\n<\/div><\/div><div id=\"panel-3068-0-0-2\" class=\"so-panel widget widget_black-studio-tinymce widget_black_studio_tinymce panel-last-child\" data-index=\"2\" ><div class=\"textwidget\"><div class=\"rteright\"><a href=\"https:\/\/drive.google.com\/file\/d\/1MWy7972MEp-5oj-5OmInaoZT73UHyunL\/view?usp=drive_link\"><img loading=\"lazy\" decoding=\"async\" class=\"alignnone wp-image-1758\" src=\"https:\/\/www.terrehabitat.be\/wp\/wp-content\/uploads\/2015\/02\/t\u00e9l\u00e9chargements-640x130.jpg\" alt=\"t\u00e9l\u00e9chargements\" width=\"295\" height=\"60\" srcset=\"https:\/\/www.terrehabitat.be\/wp\/wp-content\/uploads\/2015\/02\/t\u00e9l\u00e9chargements-640x130.jpg 640w, https:\/\/www.terrehabitat.be\/wp\/wp-content\/uploads\/2015\/02\/t\u00e9l\u00e9chargements-1024x208.jpg 1024w, https:\/\/www.terrehabitat.be\/wp\/wp-content\/uploads\/2015\/02\/t\u00e9l\u00e9chargements-600x122.jpg 600w\" sizes=\"auto, (max-width: 295px) 100vw, 295px\" \/><\/a><\/div>\n<h3><\/h3>\n<div><\/div>\n<div class=\"rteright\">\u00a0<a href=\"https:\/\/www.terrehabitat.be\/wp\/wp-content\/uploads\/2018\/02\/Quelle-couche-fond-Galtane-PEINTURE-NATURELLE-TERREHABITAT-pdf.pdf\"><img loading=\"lazy\" decoding=\"async\" class=\"alignnone wp-image-6761\" src=\"https:\/\/www.terrehabitat.be\/wp\/wp-content\/uploads\/2021\/01\/couche-de-fond-640x130.jpg\" alt=\"\" width=\"290\" height=\"59\" srcset=\"https:\/\/www.terrehabitat.be\/wp\/wp-content\/uploads\/2021\/01\/couche-de-fond-640x130.jpg 640w, https:\/\/www.terrehabitat.be\/wp\/wp-content\/uploads\/2021\/01\/couche-de-fond-768x156.jpg 768w, https:\/\/www.terrehabitat.be\/wp\/wp-content\/uploads\/2021\/01\/couche-de-fond-1024x208.jpg 1024w, https:\/\/www.terrehabitat.be\/wp\/wp-content\/uploads\/2021\/01\/couche-de-fond-300x61.jpg 300w\" sizes=\"auto, (max-width: 290px) 100vw, 290px\" \/><\/a><\/div>\n<h3><\/h3>\n<div><a href=\"https:\/\/galtane.colors-simulator.com\/simulator\"><span style=\"color: #339966;\"><span style=\"color: #008080;\"><strong>VERS LE SIMULATEUR DE COULEURS GALTANE<\/strong><\/span><\/span><\/a> <a href=\"https:\/\/galtane.colors-simulator.com\/simulator\"><img loading=\"lazy\" decoding=\"async\" class=\"alignnone wp-image-1941\" src=\"https:\/\/www.terrehabitat.be\/wp\/wp-content\/uploads\/2015\/02\/palette.jpeg\" alt=\"\" width=\"85\" height=\"69\" \/><\/a><\/div>\n<div><\/div>\n<\/div><\/div><\/div><div id=\"pgc-3068-0-1\"  class=\"panel-grid-cell\" ><div id=\"panel-3068-0-1-0\" class=\"so-panel widget widget_black-studio-tinymce widget_black_studio_tinymce panel-first-child\" data-index=\"3\" ><div class=\"panel-widget-style panel-widget-style-for-3068-0-1-0\" ><div class=\"textwidget\"><div>\n<div><\/div>\n<div><\/div>\n<p>Conditionnement : 1 litre, 5\u00a0 ou 10 litres<\/p>\n<p>Plus de 300 teintes Galtane<\/p>\n<div><\/div>\n<div>\u00a0\u00a0\u00a0\u00a0 NOUVEAU : disponible dans la plupart des teintes Flamant<\/div>\n<div><\/div>\n<div><\/div>\n<div><\/div>\n<div><\/div>\n<div><\/div>\n<\/div>\n<\/div><\/div><\/div><div id=\"panel-3068-0-1-1\" class=\"so-panel widget widget_black-studio-tinymce widget_black_studio_tinymce\" data-index=\"4\" ><div class=\"textwidget\"><h5>La peinture \u00e0 la chaux a\u00e9rienne Galtane est une peinture \u00e0 la chaux blanche qui, gr\u00e2ce \u00e0 une fine dispersion de poudre de marbre et de chaux, garantit une extraordinaire blancheur.<\/h5>\n<p>Ne contient ni r\u00e9sine synth\u00e9tique ni blanc de titane. C'est la peinture id\u00e9ale pour le rev\u00eatement des pi\u00e8ces humides, car elle n'entrave pas la diffusion de la vapeur d'eau.<\/p>\n<p>La peinture \u00e0 la chaux se caract\u00e9rise par des effets de nuances diff\u00e9rentes et une finition non uniforme. La peinture \u00e0 la chaux Galtane poss\u00e8de, en outre, une haute r\u00e9flexion \u00e0 la lumi\u00e8re.<\/p>\n<p>Elle durcit en absorbant le gaz carbonique de l'air et se transforme \u00e0 nouveau en pierre calcaire (ph\u00e9nom\u00e8ne de carbonatation).<\/p>\n<p>Utilisation : Les supports qui conviennent sont les enduits min\u00e9raux non trait\u00e9s (chaux, ciment, argile), les pierres poreuses, les briques et sur la peinture d\u2019accroche min\u00e9rale Prime Syl 12 ou Granulo<br \/>\nSyl qui s\u2019applique sur les anciennes peintures C'est cependant sur un enduit frais que la peinture \u00e0 la chaux adh\u00e8re le mieux.<\/p>\n<p>Type de finition : La peinture \u00e0 la chaux, tr\u00e8s lumineuse, renvoie un fini extra mat conjugu\u00e9 \u00e0 diff\u00e9rents effets. Elle se caract\u00e9rise, en outre, par une mati\u00e8re brute agr\u00e9ment\u00e9e de petits grains clairsem\u00e9s. Tr\u00e8s respirante, elle offre une excellente r\u00e9flexion \u00e0 la lumi\u00e8re et, par cons\u00e9quent, de couleurs variant en fonction de la luminosit\u00e9.<\/p>\n<p>Couleurs: La peinture \u00e0 la chaux est disponible dans de nombreux nuanciers mais il est \u00e9galement possible de pigmenter soi-m\u00eame la peinture avec des pigments en poudre ou des p\u00e2tes pigmentaires.<\/p>\n<\/div><\/div><div id=\"panel-3068-0-1-2\" class=\"so-panel widget widget_black-studio-tinymce widget_black_studio_tinymce panel-last-child\" data-index=\"5\" ><div class=\"textwidget\"><p><a href=\"https:\/\/www.terrehabitat.be\/wp\/wp-content\/uploads\/2025\/04\/nuancier-chaux-2024-terrehabitat-scaled.jpg\"><img loading=\"lazy\" decoding=\"async\" class=\"alignnone size-medium wp-image-8741\" src=\"https:\/\/www.terrehabitat.be\/wp\/wp-content\/uploads\/2025\/04\/nuancier-chaux-2024-terrehabitat-640x211.jpg\" alt=\"\" width=\"640\" height=\"211\" srcset=\"https:\/\/www.terrehabitat.be\/wp\/wp-content\/uploads\/2025\/04\/nuancier-chaux-2024-terrehabitat-640x211.jpg 640w, https:\/\/www.terrehabitat.be\/wp\/wp-content\/uploads\/2025\/04\/nuancier-chaux-2024-terrehabitat-1024x338.jpg 1024w, https:\/\/www.terrehabitat.be\/wp\/wp-content\/uploads\/2025\/04\/nuancier-chaux-2024-terrehabitat-768x254.jpg 768w, https:\/\/www.terrehabitat.be\/wp\/wp-content\/uploads\/2025\/04\/nuancier-chaux-2024-terrehabitat-1536x507.jpg 1536w, https:\/\/www.terrehabitat.be\/wp\/wp-content\/uploads\/2025\/04\/nuancier-chaux-2024-terrehabitat-2048x677.jpg 2048w, https:\/\/www.terrehabitat.be\/wp\/wp-content\/uploads\/2025\/04\/nuancier-chaux-2024-terrehabitat-242x80.jpg 242w\" sizes=\"auto, (max-width: 640px) 100vw, 640px\" \/><\/a><\/p>\n<p>Et bien plus!<\/p>\n<\/div><\/div><\/div><\/div><\/div>","protected":false},"excerpt":{"rendered":"<p>\u00a0 \u00a0 VERS LE SIMULATEUR DE COULEURS GALTANE Conditionnement : 1 litre, 5\u00a0 ou 10 litres Plus de 300 teintes Galtane \u00a0\u00a0\u00a0\u00a0 NOUVEAU : disponible dans la plupart des teintes Flamant La peinture \u00e0 la chaux a\u00e9rienne Galtane est une peinture \u00e0 la chaux blanche qui, gr\u00e2ce \u00e0 une fine&#8230;<\/p>\n","protected":false},"author":2183,"featured_media":0,"parent":213,"menu_order":4,"comment_status":"closed","ping_status":"closed","template":"page-fullwidth.php","meta":{"footnotes":""},"class_list":["post-3068","page","type-page","status-publish","hentry"],"_links":{"self":[{"href":"https:\/\/www.terrehabitat.be\/wp\/wp-json\/wp\/v2\/pages\/3068","targetHints":{"allow":["GET"]}}],"collection":[{"href":"https:\/\/www.terrehabitat.be\/wp\/wp-json\/wp\/v2\/pages"}],"about":[{"href":"https:\/\/www.terrehabitat.be\/wp\/wp-json\/wp\/v2\/types\/page"}],"author":[{"embeddable":true,"href":"https:\/\/www.terrehabitat.be\/wp\/wp-json\/wp\/v2\/users\/2183"}],"replies":[{"embeddable":true,"href":"https:\/\/www.terrehabitat.be\/wp\/wp-json\/wp\/v2\/comments?post=3068"}],"version-history":[{"count":40,"href":"https:\/\/www.terrehabitat.be\/wp\/wp-json\/wp\/v2\/pages\/3068\/revisions"}],"predecessor-version":[{"id":8744,"href":"https:\/\/www.terrehabitat.be\/wp\/wp-json\/wp\/v2\/pages\/3068\/revisions\/8744"}],"up":[{"embeddable":true,"href":"https:\/\/www.terrehabitat.be\/wp\/wp-json\/wp\/v2\/pages\/213"}],"wp:attachment":[{"href":"https:\/\/www.terrehabitat.be\/wp\/wp-json\/wp\/v2\/media?parent=3068"}],"curies":[{"name":"wp","href":"https:\/\/api.w.org\/{rel}","templated":true}]}}