{"id":3058,"date":"2015-05-13T14:41:50","date_gmt":"2015-05-13T13:41:50","guid":{"rendered":"http:\/\/www.terrehabitat.be\/wp\/?page_id=3058"},"modified":"2024-01-11T17:21:07","modified_gmt":"2024-01-11T16:21:07","slug":"eco-satin-la-peinture-lavable","status":"publish","type":"page","link":"https:\/\/www.terrehabitat.be\/wp\/peintures-naturelles\/peintures-ecologiques-pour-murs-et-plafonds\/eco-satin-la-peinture-lavable\/","title":{"rendered":"Eco satin : la peinture lavable"},"content":{"rendered":"<div id=\"pl-3058\"  class=\"panel-layout\" ><div id=\"pg-3058-0\"  class=\"panel-grid panel-no-style\" ><div id=\"pgc-3058-0-0\"  class=\"panel-grid-cell\" ><div id=\"panel-3058-0-0-0\" class=\"so-panel widget widget_origin_animated-image panel-first-child\" data-index=\"0\" ><div class=\"origin-widget origin-widget-animated-image origin-widget-animated-image-default-default\"><img decoding=\"async\" src=\"https:\/\/www.terrehabitat.be\/wp\/wp-content\/uploads\/2017\/02\/eco-satin-ecotec-terrehabitat.png\" style=\"visibility:hidden\" data-animation=\"slide-down\" \/><\/div><\/div><div id=\"panel-3058-0-0-1\" class=\"so-panel widget widget_black-studio-tinymce widget_black_studio_tinymce panel-last-child\" data-index=\"1\" ><div class=\"textwidget\"><p><a href=\"https:\/\/www.terrehabitat.be\/wp\/wp-content\/uploads\/2017\/03\/FT_Ecotec_Eco-Satin.pdf\"><img loading=\"lazy\" decoding=\"async\" class=\"alignnone  wp-image-1758\" src=\"https:\/\/www.terrehabitat.be\/wp\/wp-content\/uploads\/2015\/02\/t\u00e9l\u00e9chargements-640x130.jpg\" alt=\"fiche technique\" width=\"300\" height=\"61\" srcset=\"https:\/\/www.terrehabitat.be\/wp\/wp-content\/uploads\/2015\/02\/t\u00e9l\u00e9chargements-640x130.jpg 640w, https:\/\/www.terrehabitat.be\/wp\/wp-content\/uploads\/2015\/02\/t\u00e9l\u00e9chargements-1024x208.jpg 1024w, https:\/\/www.terrehabitat.be\/wp\/wp-content\/uploads\/2015\/02\/t\u00e9l\u00e9chargements-600x122.jpg 600w\" sizes=\"auto, (max-width: 300px) 100vw, 300px\" \/><\/a><\/p>\n<\/div><\/div><\/div><div id=\"pgc-3058-0-1\"  class=\"panel-grid-cell\" ><div id=\"panel-3058-0-1-0\" class=\"so-panel widget widget_black-studio-tinymce widget_black_studio_tinymce panel-first-child\" data-index=\"2\" ><div class=\"panel-widget-style panel-widget-style-for-3058-0-1-0\" ><div class=\"textwidget\"><div>\n<div>\u00a0\u00a0\u00a0<\/div>\n<div>\u00a0<\/div>\n<p>\u00a0\u00a0\u00a0 Conditionnement : 2.5 litres, 5 ou 10 litres<\/p>\n<p>\u00a0\u00a0\u00a0 Rendement : 7 \u00e0 10 m\u00b2<\/p>\n<p>\u00a0<\/p>\n<div>\u00a0<\/div>\n<\/div>\n<\/div><\/div><\/div><div id=\"panel-3058-0-1-1\" class=\"so-panel widget widget_black-studio-tinymce widget_black_studio_tinymce panel-last-child\" data-index=\"3\" ><div class=\"textwidget\"><h5>Eco satin, peinture lavable pour murs et plafonds et l\u00e9g\u00e8rement satin\u00e9e.<\/h5>\n<p id=\"tw-target-text\" class=\"tw-data-text tw-ta tw-text-small\" dir=\"ltr\" data-placeholder=\"Traduction\"><span lang=\"fr\">L'\u00e9mulsion Eco-Satin, par son aspect satin\u00e9, r\u00e9siste \u00e0 la salet\u00e9 et est facile \u00e0 nettoyer. Id\u00e9ale pour la cuisine, la salle de bain, les mont\u00e9es d'escaliers et les chambres d'enfants !<\/span><\/p>\n<p>Cette peinture lavable ne contient pas d\u2019huile et ne jaunit pas. De plus, elle ne contient ni acryliques ni solvant et est donc un produit sans COV qui contribue \u00e0 un cadre de vie sain.<br \/>\nApplication facile. Eco-Satin poss\u00e8de un grand pouvoir couvrant au mouill\u00e9 gr\u00e2ce \u00e0 sa richesse en corps solides (poids sp\u00e9c. 1,6 env.). De plus, elle ne goutte pratiquement pas et ne fait pas d\u2019\u00e9claboussure.<br \/>\nSi le support \u00e0 peindre est tach\u00e9e d\u2019eau, de nicotine, de graisse ou de suie une couche isolante et traitante avec Ecotec Iso-Mur doit \u00eatre appliqu\u00e9e.<\/p>\n<div><\/div>\n<div>\n<div><strong>Caract\u00e9ristiques importantes:<\/strong><\/div>\n<ul>\n<li>\u00a0Tr\u00e8s couvrante;<\/li>\n<li>\u00a0peinture lavable \u00e0 l'eau et au savon;<\/li>\n<li>\u00a0convient pour l'horeca;<\/li>\n<li>\u00a0Sans solvant, acryliques et COV;<\/li>\n<li>\u00a0Laisse respirer le support;<\/li>\n<li>\u00a0Antistatique;<\/li>\n<li>\u00a0Sans odeur;<\/li>\n<li>\u00a0Aspect satin\u00e9 \u00e0 mat.<\/li>\n<li>Peinture \u00e9cologique<\/li>\n<\/ul>\n<h4>Composition :<\/h4>\n<p>Eau, Craie, farine de marbre, poudre de marbre, talc, phosphate, cellulose, acide ac\u00e9tique d'ester, sel de natrium, dioxyde de titane, 0.1% agent conservateur synth\u00e9tique<\/p><\/div>\n<\/div><\/div><\/div><\/div><\/div>","protected":false},"excerpt":{"rendered":"<p>\u00a0\u00a0\u00a0\u00a0\u00a0\u00a0\u00a0 Conditionnement : 2.5 litres, 5 ou 10 litres\u00a0\u00a0\u00a0 Rendement : 7 \u00e0 10 m\u00b2\u00a0\u00a0 Eco satin, peinture lavable pour murs et plafonds et l\u00e9g\u00e8rement satin\u00e9e. L&rsquo;\u00e9mulsion Eco-Satin, par son aspect satin\u00e9, r\u00e9siste \u00e0 la salet\u00e9 et est facile \u00e0 nettoyer. Id\u00e9ale pour la cuisine, la salle de bain, les&#8230;<\/p>\n","protected":false},"author":2183,"featured_media":0,"parent":213,"menu_order":2,"comment_status":"closed","ping_status":"closed","template":"page-fullwidth.php","meta":{"footnotes":""},"class_list":["post-3058","page","type-page","status-publish","hentry"],"_links":{"self":[{"href":"https:\/\/www.terrehabitat.be\/wp\/wp-json\/wp\/v2\/pages\/3058","targetHints":{"allow":["GET"]}}],"collection":[{"href":"https:\/\/www.terrehabitat.be\/wp\/wp-json\/wp\/v2\/pages"}],"about":[{"href":"https:\/\/www.terrehabitat.be\/wp\/wp-json\/wp\/v2\/types\/page"}],"author":[{"embeddable":true,"href":"https:\/\/www.terrehabitat.be\/wp\/wp-json\/wp\/v2\/users\/2183"}],"replies":[{"embeddable":true,"href":"https:\/\/www.terrehabitat.be\/wp\/wp-json\/wp\/v2\/comments?post=3058"}],"version-history":[{"count":12,"href":"https:\/\/www.terrehabitat.be\/wp\/wp-json\/wp\/v2\/pages\/3058\/revisions"}],"predecessor-version":[{"id":8414,"href":"https:\/\/www.terrehabitat.be\/wp\/wp-json\/wp\/v2\/pages\/3058\/revisions\/8414"}],"up":[{"embeddable":true,"href":"https:\/\/www.terrehabitat.be\/wp\/wp-json\/wp\/v2\/pages\/213"}],"wp:attachment":[{"href":"https:\/\/www.terrehabitat.be\/wp\/wp-json\/wp\/v2\/media?parent=3058"}],"curies":[{"name":"wp","href":"https:\/\/api.w.org\/{rel}","templated":true}]}}