{"id":2690,"date":"2015-04-16T15:07:49","date_gmt":"2015-04-16T14:07:49","guid":{"rendered":"http:\/\/www.terrehabitat.be\/wp\/?page_id=2690"},"modified":"2019-02-08T11:00:56","modified_gmt":"2019-02-08T10:00:56","slug":"nettoie-tout-de-galtane","status":"publish","type":"page","link":"https:\/\/www.terrehabitat.be\/wp\/peintures-naturelles\/produits-dentretien\/nettoie-tout-de-galtane\/","title":{"rendered":"Nettoie-tout de Galtane"},"content":{"rendered":"<div id=\"pl-2690\"  class=\"panel-layout\" ><div id=\"pg-2690-0\"  class=\"panel-grid panel-no-style\" ><div id=\"pgc-2690-0-0\"  class=\"panel-grid-cell\" ><div id=\"panel-2690-0-0-0\" class=\"so-panel widget widget_origin_animated-image panel-first-child\" data-index=\"0\" ><div class=\"origin-widget origin-widget-animated-image origin-widget-animated-image-default-default\"><img decoding=\"async\" src=\"https:\/\/www.terrehabitat.be\/wp\/wp-content\/uploads\/2015\/01\/nettoie-tout1.jpg\" style=\"visibility:hidden\" data-animation=\"slide-down\" \/><\/div><\/div><div id=\"panel-2690-0-0-1\" class=\"so-panel widget widget_black-studio-tinymce widget_black_studio_tinymce panel-last-child\" data-index=\"1\" ><div class=\"textwidget\"><p><a href=\"https:\/\/www.terrehabitat.be\/wp\/wp-content\/uploads\/2019\/02\/2010-ft-fr-Nettoie-tout-Terrehabitat-Galtane.pdf\"><img loading=\"lazy\" decoding=\"async\" class=\"alignnone  wp-image-1758\" src=\"https:\/\/www.terrehabitat.be\/wp\/wp-content\/uploads\/2015\/02\/t\u00e9l\u00e9chargements-640x130.jpg\" alt=\"fiche technique\" width=\"255\" height=\"52\" srcset=\"https:\/\/www.terrehabitat.be\/wp\/wp-content\/uploads\/2015\/02\/t\u00e9l\u00e9chargements-640x130.jpg 640w, https:\/\/www.terrehabitat.be\/wp\/wp-content\/uploads\/2015\/02\/t\u00e9l\u00e9chargements-1024x208.jpg 1024w, https:\/\/www.terrehabitat.be\/wp\/wp-content\/uploads\/2015\/02\/t\u00e9l\u00e9chargements-600x122.jpg 600w\" sizes=\"auto, (max-width: 255px) 100vw, 255px\" \/><\/a><\/p>\n<\/div><\/div><\/div><div id=\"pgc-2690-0-1\"  class=\"panel-grid-cell\" ><div id=\"panel-2690-0-1-0\" class=\"so-panel widget widget_black-studio-tinymce widget_black_studio_tinymce panel-first-child\" data-index=\"2\" ><div class=\"panel-widget-style panel-widget-style-for-2690-0-1-0\" ><div class=\"textwidget\"><div>\n<div>\u00a0\u00a0\u00a0<\/div>\n<div>\u00a0<\/div>\n<div>\u00a0\u00a0\u00a0 Conditionnement : 1 litre ou 5 litres<\/div>\n<div>\u00a0<\/div>\n<div>\u00a0<\/div>\n<div>\u00a0\u00a0\u00a0<\/div>\n<div>\u00a0<\/div>\n<div>\u00a0<\/div>\n<div>\u00a0<\/div>\n<\/div>\n<\/div><\/div><\/div><div id=\"panel-2690-0-1-1\" class=\"so-panel widget widget_black-studio-tinymce widget_black_studio_tinymce panel-last-child\" data-index=\"3\" ><div class=\"textwidget\"><h5>Le produit d'entretien \u00e9cologique ! Le <strong>Nettoie tout<\/strong> de Galtane est id\u00e9al pour le nettoyage de toute la maison : que se soit pour le sol, les vitres, la cuisine, l'aquarium, le lavabo,\u00a0les hottes\u00a0et aussi pour laver la vaisselle. Mais il d\u00e9graissera tout vos outils de peinture, les rouleaux et pinceaux Le <strong>Nettoie tout<\/strong> d\u00e9graisse et est tr\u00e8s \u00e9conomique.<strong><br \/><\/strong><\/h5>\n<h4>Avantages<\/h4>\n<p>Le <strong>Nettoie tout<\/strong> de Galtane s'utilise \u00e9galement pour les outis du jardin, et sur les taches r\u00e9sistantes vous pouvez l'utiliser pur avant de rincer. Nettoie-tout est id\u00e9al pour le nettoyage des vitres et des sanitaires.<\/p>\n<p><a href=\"http:\/\/raffa.grandmenage.info\/post\/2006\/04\/24\/Sommaire___Le_grand_m%C3%A9nage_dans_la_maison__guide_d_entretien_%C3%A9cologique_\">Il convient parfaitement comme savon de base dans la fabrication de votre produit de vaisselle et\u00a0 toutes les recettes de produit d'entretien \u00e9cologique maison (voir le site de Raffa, le grand m\u00e9nage).<\/a><\/p>\n<h4>Composition :<\/h4>\n<p>Mati\u00e8res premi\u00e8res v\u00e9g\u00e9tales renouvelables, eau, tensioactifs issu d'huile de coco, sulfate laureth de sodium naturel, glyc\u00e9rine, acide lactique, hydroxyde de sodium. PH6 dermoprotecteur, exempt de parfum, enzyme, acides agressifs, terp\u00e8nes d'agrumes, et conservateur, fabriqu\u00e9 en Belgique.<\/p>\n<h4>Propri\u00e9t\u00e9s :<\/h4>\n<ul>\n<li>\n<p>Dermoprotecteur<\/p>\n<\/li>\n<li>\n<p>Mati\u00e8res premi\u00e8res v\u00e9g\u00e9tales<\/p>\n<\/li>\n<li>\n<p>D\u00e9pourvu de parfum<\/p>\n<\/li>\n<li>\n<p>Pour les personnes allergiques<\/p>\n<\/li>\n<li>\n<p>Concentr\u00e9<\/p>\n<\/li>\n<li>\n<p>Economique<\/p>\n<\/li>\n<\/ul>\n<h4>Mise en oeuvre :<\/h4>\n<p>Pour tout lavage du sol, vous pouvez ajouter \u00e0 votre eau de lavage pour 5L un bouchon de <strong>Nettoie tout<\/strong>.<\/p>\n<p>Il est dermo protecteur et donc il peut \u00eatre utilis\u00e9 sans soucis pour les personnes allergiques.<\/p>\n<p>\u00a0<\/p>\n<\/div><\/div><\/div><\/div><\/div>","protected":false},"excerpt":{"rendered":"<p>\u00a0\u00a0\u00a0\u00a0\u00a0\u00a0\u00a0 Conditionnement : 1 litre ou 5 litres\u00a0\u00a0\u00a0\u00a0\u00a0\u00a0\u00a0\u00a0 Le produit d&rsquo;entretien \u00e9cologique ! Le Nettoie tout de Galtane est id\u00e9al pour le nettoyage de toute la maison : que se soit pour le sol, les vitres, la cuisine, l&rsquo;aquarium, le lavabo,\u00a0les hottes\u00a0et aussi pour laver la vaisselle. Mais il d\u00e9graissera&#8230;<\/p>\n","protected":false},"author":2183,"featured_media":0,"parent":225,"menu_order":0,"comment_status":"closed","ping_status":"open","template":"page-fullwidth.php","meta":{"footnotes":""},"class_list":["post-2690","page","type-page","status-publish","hentry"],"_links":{"self":[{"href":"https:\/\/www.terrehabitat.be\/wp\/wp-json\/wp\/v2\/pages\/2690","targetHints":{"allow":["GET"]}}],"collection":[{"href":"https:\/\/www.terrehabitat.be\/wp\/wp-json\/wp\/v2\/pages"}],"about":[{"href":"https:\/\/www.terrehabitat.be\/wp\/wp-json\/wp\/v2\/types\/page"}],"author":[{"embeddable":true,"href":"https:\/\/www.terrehabitat.be\/wp\/wp-json\/wp\/v2\/users\/2183"}],"replies":[{"embeddable":true,"href":"https:\/\/www.terrehabitat.be\/wp\/wp-json\/wp\/v2\/comments?post=2690"}],"version-history":[{"count":9,"href":"https:\/\/www.terrehabitat.be\/wp\/wp-json\/wp\/v2\/pages\/2690\/revisions"}],"predecessor-version":[{"id":5658,"href":"https:\/\/www.terrehabitat.be\/wp\/wp-json\/wp\/v2\/pages\/2690\/revisions\/5658"}],"up":[{"embeddable":true,"href":"https:\/\/www.terrehabitat.be\/wp\/wp-json\/wp\/v2\/pages\/225"}],"wp:attachment":[{"href":"https:\/\/www.terrehabitat.be\/wp\/wp-json\/wp\/v2\/media?parent=2690"}],"curies":[{"name":"wp","href":"https:\/\/api.w.org\/{rel}","templated":true}]}}