{"id":163,"date":"2014-11-14T14:05:14","date_gmt":"2014-11-14T13:05:14","guid":{"rendered":"http:\/\/www.terrehabitat.be\/wp\/?page_id=163"},"modified":"2018-11-12T17:30:24","modified_gmt":"2018-11-12T16:30:24","slug":"gutex-thermofibre","status":"publish","type":"page","link":"https:\/\/www.terrehabitat.be\/wp\/liste-des-materiaux-ecologiques\/isolation-thermique-ecologique\/laine-de-bois\/gamme-gutex\/gutex-thermofibre\/","title":{"rendered":"Gutex thermofibre"},"content":{"rendered":"<div id=\"pl-163\"  class=\"panel-layout\" ><div id=\"pg-163-0\"  class=\"panel-grid panel-no-style\" ><div id=\"pgc-163-0-0\"  class=\"panel-grid-cell\" ><div id=\"panel-163-0-0-0\" class=\"so-panel widget widget_black-studio-tinymce widget_black_studio_tinymce panel-first-child panel-last-child\" data-index=\"0\" ><div class=\"textwidget\"><p><a href=\"https:\/\/www.terrehabitat.be\/wp\/wp-content\/uploads\/2015\/02\/csm_1_Gutex-Thermofibre_de2d100110.jpg\"><img loading=\"lazy\" decoding=\"async\" class=\"alignnone  wp-image-2155\" src=\"https:\/\/www.terrehabitat.be\/wp\/wp-content\/uploads\/2015\/02\/csm_1_Gutex-Thermofibre_de2d100110.jpg\" alt=\"csm_1_Gutex-Thermofibre_de2d100110\" width=\"347\" height=\"260\" \/><\/a><\/p>\n<\/div><\/div><\/div><div id=\"pgc-163-0-1\"  class=\"panel-grid-cell\" ><div id=\"panel-163-0-1-0\" class=\"so-panel widget widget_black-studio-tinymce widget_black_studio_tinymce panel-first-child panel-last-child\" data-index=\"1\" ><div class=\"panel-widget-style panel-widget-style-for-163-0-1-0\" ><div class=\"textwidget\"><div>\u00a0<\/div>\n<div>\n<p class=\"rtejustify\">\u00a0\u00a0\u00a0 Densit\u00e9 des fibres insuffl\u00e9es: 32 kg\/m\u00b3<\/p>\n<div>\n<p class=\"rtejustify\">\u00a0\u00a0\u00a0 Conditionnement : sacs de 15 kg<\/p>\n<p class=\"rtejustify\">\u00a0\u00a0\u00a0 Conductivit\u00e9 thermique valeur nominale \u03bb<sub>D<\/sub> (W\/mK) 0.038<\/p>\n<\/div>\n<\/div>\n<\/div><\/div><\/div><\/div><\/div><div id=\"pg-163-1\"  class=\"panel-grid panel-no-style\" ><div id=\"pgc-163-1-0\"  class=\"panel-grid-cell\" ><div id=\"panel-163-1-0-0\" class=\"so-panel widget widget_black-studio-tinymce widget_black_studio_tinymce panel-first-child\" data-index=\"2\" ><div class=\"textwidget\"><p><a href=\"https:\/\/www.terrehabitat.be\/wp\/wp-content\/uploads\/2018\/11\/GUTEX_FR_BR_Thermofibre_2012-06.pdf\"><img loading=\"lazy\" decoding=\"async\" class=\"alignnone wp-image-1207\" src=\"https:\/\/www.terrehabitat.be\/wp\/wp-content\/uploads\/2015\/01\/t\u00e9l\u00e9chargements-640x130.jpg\" alt=\"t\u00e9l\u00e9chargements\" width=\"241\" height=\"49\" srcset=\"https:\/\/www.terrehabitat.be\/wp\/wp-content\/uploads\/2015\/01\/t\u00e9l\u00e9chargements-640x130.jpg 640w, https:\/\/www.terrehabitat.be\/wp\/wp-content\/uploads\/2015\/01\/t\u00e9l\u00e9chargements-1024x208.jpg 1024w, https:\/\/www.terrehabitat.be\/wp\/wp-content\/uploads\/2015\/01\/t\u00e9l\u00e9chargements-600x122.jpg 600w\" sizes=\"auto, (max-width: 241px) 100vw, 241px\" \/><\/a><\/p>\n<\/div><\/div><div id=\"panel-163-1-0-1\" class=\"so-panel widget widget_black-studio-tinymce widget_black_studio_tinymce panel-last-child\" data-index=\"3\" ><div class=\"textwidget\"><p><img loading=\"lazy\" decoding=\"async\" class=\"\" title=\"np_0105-1402-012-1\" src=\"http:\/\/gutex.de\/fileadmin\/uploads\/Zertifikate\/np_0105-0402-012-1.svg\" alt=\"np_0105-1402-012-1\" width=\"80\" height=\"80\" \/>\u00a0\u00a0 <a href=\"https:\/\/www.terrehabitat.be\/wp\/wp-content\/uploads\/2015\/01\/atg.jpg\"><img loading=\"lazy\" decoding=\"async\" class=\"alignnone  wp-image-1289\" src=\"https:\/\/www.terrehabitat.be\/wp\/wp-content\/uploads\/2015\/01\/atg.jpg\" alt=\"atg\" width=\"119\" height=\"91\" \/><\/a><\/p>\n<\/div><\/div><\/div><div id=\"pgc-163-1-1\"  class=\"panel-grid-cell\" ><div id=\"panel-163-1-1-0\" class=\"so-panel widget widget_black-studio-tinymce widget_black_studio_tinymce panel-first-child panel-last-child\" data-index=\"4\" ><div class=\"textwidget\"><div data-canvas-width=\"59.04999999999998\">\n<h5>Isolant \u00e0 insuffler \u00e0 base de fibres de bois.<\/h5>\n<p>GUTEX Thermofibre\u00ae s\u2019adapte parfaitement \u00e0 tous les caissons \u00e0 isoler, ind\u00e9pendamment de la forme g\u00e9om\u00e9trique. Dans le cas d\u2019une isolation \u00e0 insuffler, la distance entre les montants n\u2019a pas d\u2019importance, puisque les fibres de bois en vrac s\u2019adaptent \u00e0 tous les types de volumes.<\/p>\n<\/div>\n<h4 class=\"textLayer\">Composition<\/h4>\n<p class=\"textLayer\">Fibres de bois de sapin et de pin non trait\u00e9es provenant de la For\u00eat Noire en Allemagne.<\/p>\n<p>Gr\u00e2ce \u00e0 sa bonne valeur lambda, on obtient une tr\u00e8s bonne protection contre les d\u00e9perditions thermiques.<\/p>\n<p>Elle remplit int\u00e9gralement les caissons. Gr\u00e2ce \u00e0 l\u2019enchev\u00eatrement des fibres de bois, GUTEX Thermofibre peut garantir \u00e0 long terme qu\u2019il n\u2019y aura pas de tassement et ceci d\u00e9j\u00e0 \u00e0 partir d\u2019une densit\u00e9 de 28 kg\/m 3 !<\/p>\n<div data-canvas-width=\"224.07333333333335\">\u00a0<\/div>\n<\/div><\/div><\/div><\/div><\/div>","protected":false},"excerpt":{"rendered":"<p>\u00a0\u00a0\u00a0\u00a0 Densit\u00e9 des fibres insuffl\u00e9es: 32 kg\/m\u00b3\u00a0\u00a0\u00a0 Conditionnement : sacs de 15 kg\u00a0\u00a0\u00a0 Conductivit\u00e9 thermique valeur nominale \u03bbD (W\/mK) 0.038 \u00a0\u00a0 Isolant \u00e0 insuffler \u00e0 base de fibres de bois.GUTEX Thermofibre\u00ae s\u2019adapte parfaitement \u00e0 tous les caissons \u00e0 isoler, ind\u00e9pendamment de la forme g\u00e9om\u00e9trique. Dans le cas d\u2019une isolation \u00e0&#8230;<\/p>\n","protected":false},"author":2183,"featured_media":0,"parent":951,"menu_order":3,"comment_status":"closed","ping_status":"closed","template":"page-fullwidth.php","meta":{"footnotes":""},"class_list":["post-163","page","type-page","status-publish","hentry"],"_links":{"self":[{"href":"https:\/\/www.terrehabitat.be\/wp\/wp-json\/wp\/v2\/pages\/163","targetHints":{"allow":["GET"]}}],"collection":[{"href":"https:\/\/www.terrehabitat.be\/wp\/wp-json\/wp\/v2\/pages"}],"about":[{"href":"https:\/\/www.terrehabitat.be\/wp\/wp-json\/wp\/v2\/types\/page"}],"author":[{"embeddable":true,"href":"https:\/\/www.terrehabitat.be\/wp\/wp-json\/wp\/v2\/users\/2183"}],"replies":[{"embeddable":true,"href":"https:\/\/www.terrehabitat.be\/wp\/wp-json\/wp\/v2\/comments?post=163"}],"version-history":[{"count":8,"href":"https:\/\/www.terrehabitat.be\/wp\/wp-json\/wp\/v2\/pages\/163\/revisions"}],"predecessor-version":[{"id":5429,"href":"https:\/\/www.terrehabitat.be\/wp\/wp-json\/wp\/v2\/pages\/163\/revisions\/5429"}],"up":[{"embeddable":true,"href":"https:\/\/www.terrehabitat.be\/wp\/wp-json\/wp\/v2\/pages\/951"}],"wp:attachment":[{"href":"https:\/\/www.terrehabitat.be\/wp\/wp-json\/wp\/v2\/media?parent=163"}],"curies":[{"name":"wp","href":"https:\/\/api.w.org\/{rel}","templated":true}]}}