{"id":145,"date":"2014-11-14T13:58:54","date_gmt":"2014-11-14T12:58:54","guid":{"rendered":"http:\/\/www.terrehabitat.be\/wp\/?page_id=145"},"modified":"2021-03-04T12:38:55","modified_gmt":"2021-03-04T11:38:55","slug":"laine-de-lin","status":"publish","type":"page","link":"https:\/\/www.terrehabitat.be\/wp\/liste-des-materiaux-ecologiques\/isolation-thermique-ecologique\/laine-de-lin\/","title":{"rendered":"laine de lin"},"content":{"rendered":"<div id=\"pl-145\"  class=\"panel-layout\" ><div id=\"pg-145-0\"  class=\"panel-grid panel-no-style\" ><div id=\"pgc-145-0-0\"  class=\"panel-grid-cell\" ><div id=\"panel-145-0-0-0\" class=\"so-panel widget widget_black-studio-tinymce widget_black_studio_tinymce panel-first-child\" data-index=\"0\" ><div class=\"textwidget\"><p><a href=\"https:\/\/www.terrehabitat.be\/wp\/wp-content\/uploads\/2015\/01\/Laine-de-lin-Isovlas.jpg\"><img loading=\"lazy\" decoding=\"async\" class=\"alignnone  wp-image-1553\" src=\"https:\/\/www.terrehabitat.be\/wp\/wp-content\/uploads\/2015\/01\/Laine-de-lin-Isovlas.jpg\" alt=\"Laine de lin Isovlas\" width=\"389\" height=\"262\" srcset=\"https:\/\/www.terrehabitat.be\/wp\/wp-content\/uploads\/2015\/01\/Laine-de-lin-Isovlas.jpg 273w, https:\/\/www.terrehabitat.be\/wp\/wp-content\/uploads\/2015\/01\/Laine-de-lin-Isovlas-272x182.jpg 272w\" sizes=\"auto, (max-width: 389px) 100vw, 389px\" \/><\/a><\/p>\n<\/div><\/div><div id=\"panel-145-0-0-1\" class=\"so-panel widget widget_black-studio-tinymce widget_black_studio_tinymce panel-last-child\" data-index=\"1\" ><div class=\"textwidget\"><p><a href=\"https:\/\/www.terrehabitat.be\/wp\/wp-content\/uploads\/2021\/03\/Isovlas-fiche-technique-nl.pdf\"><img loading=\"lazy\" decoding=\"async\" class=\"alignnone  wp-image-1758\" src=\"https:\/\/www.terrehabitat.be\/wp\/wp-content\/uploads\/2015\/02\/t\u00e9l\u00e9chargements-640x130.jpg\" alt=\"fiche technique\" width=\"305\" height=\"62\" srcset=\"https:\/\/www.terrehabitat.be\/wp\/wp-content\/uploads\/2015\/02\/t\u00e9l\u00e9chargements-640x130.jpg 640w, https:\/\/www.terrehabitat.be\/wp\/wp-content\/uploads\/2015\/02\/t\u00e9l\u00e9chargements-1024x208.jpg 1024w, https:\/\/www.terrehabitat.be\/wp\/wp-content\/uploads\/2015\/02\/t\u00e9l\u00e9chargements-600x122.jpg 600w\" sizes=\"auto, (max-width: 305px) 100vw, 305px\" \/><\/a><\/p>\n<\/div><\/div><\/div><div id=\"pgc-145-0-1\"  class=\"panel-grid-cell\" ><div id=\"panel-145-0-1-0\" class=\"so-panel widget widget_black-studio-tinymce widget_black_studio_tinymce panel-first-child\" data-index=\"2\" ><div class=\"panel-widget-style panel-widget-style-for-145-0-1-0\" ><div class=\"textwidget\"><p>&nbsp;<\/p>\n<p><span style=\"color: #ffffff;\">.\u00a0\u00a0<\/span> \u00a0\u00a0 Dimension des panneaux de laine de lin : 45 cm x 120 cm<\/p>\n<p><span style=\"color: #ffffff;\">\u00a0.\u00a0 <\/span>\u00a0\u00a0 Epaisseurs : de 40 mm \u00e0 140 mm<\/p>\n<p><span style=\"color: #ffffff;\"> . <\/span>\u00a0\u00a0 \u00a0 Conductivit\u00e9 thermique \u03bb<sub>D<\/sub>: 0,042 W\/mK<\/p>\n<p><span style=\"color: #ffffff;\">.<\/span> \u00a0\u00a0\u00a0\u00a0 Stockage thermique: 1550 J\/kgK<\/p>\n<p><span style=\"color: #ffffff;\">.\u00a0 <\/span>\u00a0 \u00a0 Coefficient d\u2019absorption acoustique (\u03b1W): 0,95<\/p>\n<p><span style=\"color: #ffffff;\">\u00a0.\u00a0<\/span>\u00a0\u00a0\u00a0 R\u00e9sistance diffusion vapeur \u00b5d: 5,7<\/p>\n<p><span style=\"color: #ffffff;\">.\u00a0\u00a0\u00a0\u00a0<\/span>\u00a0 Classe feu (Euroclasse): C.<\/p>\n<\/div><\/div><\/div><div id=\"panel-145-0-1-1\" class=\"so-panel widget widget_black-studio-tinymce widget_black_studio_tinymce panel-last-child\" data-index=\"3\" ><div class=\"textwidget\"><h5 class=\"title\">Laine de lin Isovlas : Isolation thermique et acoustique \u00e0 base de lin, pour toitures \u00a0et parois.<\/h5>\n<p>Le lin fut, avec le chanvre, l'une des principales plantes textiles cultiv\u00e9e depuis l'antiquit\u00e9. Peu exigeant en pesticides et en engrais, il est encore cultiv\u00e9 dans nos r\u00e9gions aujourd'hui. Les fibres courtes, non utilis\u00e9es par l'industrie textile sont utilis\u00e9es pour l'\u00e9laboration d'isolants. Son pouvoir hygroscopique est remarquable : le lin peut absorber 10 X plus d'eau que les isolants min\u00e9raux sans se d\u00e9t\u00e9riorer.<\/p>\n<div class=\"node\">\n<div class=\"content\">La laine de lin Isovlas est compos\u00e9e de fibre de lin. Produit robuste et ignifuge, il constitue une isolation aussi bien thermique que phonique. Ses propri\u00e9t\u00e9s de r\u00e9gulation de l'humidit\u00e9 et du climat sont uniques et garantissent un climat sec et frais l'\u00e9t\u00e9 et chaud et douillet l'hiver.<\/p>\n<div>L'ajout d'un produit\u00a0ignifuge\u00a0naturel a permis de mettre les fibres de lin en conformit\u00e9 avec les normes de s\u00e9curit\u00e9. En cas d'incendie, une cro\u00fbte carbonis\u00e9e se forme imm\u00e9diatement qui emp\u00eache la propagation du feu et limite en outre l'\u00e9manation de fum\u00e9e.<\/div>\n<div><\/div>\n<div>La robustesse des fibres rend les plaques rigides. Les irr\u00e9gularit\u00e9s de surfaces sont ainsi \u00e9limin\u00e9es et les plaques s'ajustent \u00e0 la perfection gr\u00e2ce aux fibres qui s'entrem\u00ealent.<\/div>\n<div>Tr\u00e8s agr\u00e9able \u00e0 travailler car il\u00a0m\u00e9nage\u00a0\u00e0 la fois\u00a0la peau\u00a0(ne pique pas) et les\u00a0voies respiratoires, \u00e9tant fabriqu\u00e9\u00a0enti\u00e8rement de fibres naturelles qui ne s'effilochent pas.<\/div>\n<div><\/div>\n<div><strong>Propri\u00e9t\u00e9s techniques de la laine de lin : <\/strong><\/p>\n<ul>\n<li>Conductivit\u00e9 thermique \u03bb<sub>D<\/sub>: 0,038 W\/mK (conforme atteste KOMO nr. 40047\/13)<\/li>\n<li>Masse volumique: 28 kg\/m\u00b3<\/li>\n<li>Stockage thermique: 1550 J\/kgK<\/li>\n<li>Coefficient d\u2019absorption acoustique (\u03b1W): 0,95<\/li>\n<li>R\u00e9sistance diffusion vapeur \u00b5d: 5,7 m<\/li>\n<li><a href=\"https:\/\/www.isovlas.nl\/\">Classe feu (Euroclasse): C.<\/a><\/li>\n<\/ul>\n<\/div>\n<\/div>\n<\/div>\n<\/div><\/div><\/div><\/div><\/div>","protected":false},"excerpt":{"rendered":"<p>&nbsp; .\u00a0\u00a0 \u00a0\u00a0 Dimension des panneaux de laine de lin : 45 cm x 120 cm \u00a0.\u00a0 \u00a0\u00a0 Epaisseurs : de 40 mm \u00e0 140 mm . \u00a0\u00a0 \u00a0 Conductivit\u00e9 thermique \u03bbD: 0,042 W\/mK . \u00a0\u00a0\u00a0\u00a0 Stockage thermique: 1550 J\/kgK .\u00a0 \u00a0 \u00a0 Coefficient d\u2019absorption acoustique (\u03b1W): 0,95 \u00a0.\u00a0\u00a0\u00a0\u00a0 R\u00e9sistance&#8230;<\/p>\n","protected":false},"author":2183,"featured_media":0,"parent":76,"menu_order":4,"comment_status":"closed","ping_status":"closed","template":"page-fullwidth.php","meta":{"footnotes":""},"class_list":["post-145","page","type-page","status-publish","hentry"],"_links":{"self":[{"href":"https:\/\/www.terrehabitat.be\/wp\/wp-json\/wp\/v2\/pages\/145","targetHints":{"allow":["GET"]}}],"collection":[{"href":"https:\/\/www.terrehabitat.be\/wp\/wp-json\/wp\/v2\/pages"}],"about":[{"href":"https:\/\/www.terrehabitat.be\/wp\/wp-json\/wp\/v2\/types\/page"}],"author":[{"embeddable":true,"href":"https:\/\/www.terrehabitat.be\/wp\/wp-json\/wp\/v2\/users\/2183"}],"replies":[{"embeddable":true,"href":"https:\/\/www.terrehabitat.be\/wp\/wp-json\/wp\/v2\/comments?post=145"}],"version-history":[{"count":17,"href":"https:\/\/www.terrehabitat.be\/wp\/wp-json\/wp\/v2\/pages\/145\/revisions"}],"predecessor-version":[{"id":7405,"href":"https:\/\/www.terrehabitat.be\/wp\/wp-json\/wp\/v2\/pages\/145\/revisions\/7405"}],"up":[{"embeddable":true,"href":"https:\/\/www.terrehabitat.be\/wp\/wp-json\/wp\/v2\/pages\/76"}],"wp:attachment":[{"href":"https:\/\/www.terrehabitat.be\/wp\/wp-json\/wp\/v2\/media?parent=145"}],"curies":[{"name":"wp","href":"https:\/\/api.w.org\/{rel}","templated":true}]}}