{"id":1418,"date":"2015-01-29T13:34:06","date_gmt":"2015-01-29T12:34:06","guid":{"rendered":"http:\/\/www.terrehabitat.be\/wp\/?page_id=1418"},"modified":"2024-05-14T13:42:33","modified_gmt":"2024-05-14T12:42:33","slug":"iso-mur-primaire-suie-nicotine","status":"publish","type":"page","link":"https:\/\/www.terrehabitat.be\/wp\/peintures-naturelles\/preparation-des-supports-2\/iso-mur-primaire-suie-nicotine\/","title":{"rendered":"Iso-mur Couche isolante Ecotec"},"content":{"rendered":"<div id=\"pl-1418\"  class=\"panel-layout\" ><div id=\"pg-1418-0\"  class=\"panel-grid panel-no-style\" ><div id=\"pgc-1418-0-0\"  class=\"panel-grid-cell\" ><div id=\"panel-1418-0-0-0\" class=\"so-panel widget widget_origin_animated-image panel-first-child\" data-index=\"0\" ><div class=\"origin-widget origin-widget-animated-image origin-widget-animated-image-default-default\"><img decoding=\"async\" src=\"https:\/\/www.terrehabitat.be\/wp\/wp-content\/uploads\/2017\/03\/ecotec-iso-mur-terrehabitat.png\" style=\"visibility:hidden\" data-animation=\"slide-down\" \/><\/div><\/div><div id=\"panel-1418-0-0-1\" class=\"so-panel widget widget_black-studio-tinymce widget_black_studio_tinymce panel-last-child\" data-index=\"1\" ><div class=\"textwidget\"><p><a href=\"https:\/\/www.terrehabitat.be\/wp\/wp-content\/uploads\/2017\/03\/FT_Ecotec_Iso-Mur.pdf\"><img loading=\"lazy\" decoding=\"async\" class=\"alignnone size-medium wp-image-1758\" src=\"https:\/\/www.terrehabitat.be\/wp\/wp-content\/uploads\/2015\/02\/t\u00e9l\u00e9chargements-640x130.jpg\" alt=\"t\u00e9l\u00e9chargements\" width=\"301\" height=\"61\" srcset=\"https:\/\/www.terrehabitat.be\/wp\/wp-content\/uploads\/2015\/02\/t\u00e9l\u00e9chargements-640x130.jpg 640w, https:\/\/www.terrehabitat.be\/wp\/wp-content\/uploads\/2015\/02\/t\u00e9l\u00e9chargements-1024x208.jpg 1024w, https:\/\/www.terrehabitat.be\/wp\/wp-content\/uploads\/2015\/02\/t\u00e9l\u00e9chargements-600x122.jpg 600w\" sizes=\"auto, (max-width: 301px) 100vw, 301px\" \/><\/a><\/p>\n<\/div><\/div><\/div><div id=\"pgc-1418-0-1\"  class=\"panel-grid-cell\" ><div id=\"panel-1418-0-1-0\" class=\"so-panel widget widget_black-studio-tinymce widget_black_studio_tinymce panel-first-child panel-last-child\" data-index=\"2\" ><div class=\"textwidget\"><h5>Couche de fond isolante \u00e0 base d'huile adapt\u00e9e pour les taches d\u2019eau, de nicotine, de suie et les surfaces \u00a0probl\u00e9matiques.<\/h5>\n<p>Peut \u00e9galement servir comme sous-couche pour les peintures murales.<\/p>\n<div><strong>Caract\u00e9ristiques importantes:<\/strong><\/div>\n<ul>\n<li>Isole et couvre fortement;<\/li>\n<li>\u00c0 base d\u2019huile;<\/li>\n<li>Laisse respirer le support;<\/li>\n<li>Antistatique;<\/li>\n<li>Aspect brillant.<\/li>\n<\/ul>\n<p><strong>Composition<\/strong> :<\/p>\n<p>Eau, Craie, farine de marbre, poudre de marbre, talc, phosphate, cellullose, acide ac\u00e9tique d'ester, sel de natrium, dyoxide de titane, 0.1% agent conservateur synth\u00e9tique.<\/p>\n<p>Conditionnement : 0.75 l &amp; 2.5 L<\/p>\n<\/div><\/div><\/div><\/div><\/div>","protected":false},"excerpt":{"rendered":"<p>Couche de fond isolante \u00e0 base d&rsquo;huile adapt\u00e9e pour les taches d\u2019eau, de nicotine, de suie et les surfaces \u00a0probl\u00e9matiques.Peut \u00e9galement servir comme sous-couche pour les peintures murales.Caract\u00e9ristiques importantes:Isole et couvre fortement;\u00c0 base d\u2019huile;Laisse respirer le support;Antistatique;Aspect brillant.Composition :Eau, Craie, farine de marbre, poudre de marbre, talc, phosphate, cellullose, acide&#8230;<\/p>\n","protected":false},"author":2183,"featured_media":0,"parent":1307,"menu_order":2,"comment_status":"closed","ping_status":"closed","template":"page-fullwidth.php","meta":{"footnotes":""},"class_list":["post-1418","page","type-page","status-publish","hentry"],"_links":{"self":[{"href":"https:\/\/www.terrehabitat.be\/wp\/wp-json\/wp\/v2\/pages\/1418","targetHints":{"allow":["GET"]}}],"collection":[{"href":"https:\/\/www.terrehabitat.be\/wp\/wp-json\/wp\/v2\/pages"}],"about":[{"href":"https:\/\/www.terrehabitat.be\/wp\/wp-json\/wp\/v2\/types\/page"}],"author":[{"embeddable":true,"href":"https:\/\/www.terrehabitat.be\/wp\/wp-json\/wp\/v2\/users\/2183"}],"replies":[{"embeddable":true,"href":"https:\/\/www.terrehabitat.be\/wp\/wp-json\/wp\/v2\/comments?post=1418"}],"version-history":[{"count":13,"href":"https:\/\/www.terrehabitat.be\/wp\/wp-json\/wp\/v2\/pages\/1418\/revisions"}],"predecessor-version":[{"id":8505,"href":"https:\/\/www.terrehabitat.be\/wp\/wp-json\/wp\/v2\/pages\/1418\/revisions\/8505"}],"up":[{"embeddable":true,"href":"https:\/\/www.terrehabitat.be\/wp\/wp-json\/wp\/v2\/pages\/1307"}],"wp:attachment":[{"href":"https:\/\/www.terrehabitat.be\/wp\/wp-json\/wp\/v2\/media?parent=1418"}],"curies":[{"name":"wp","href":"https:\/\/api.w.org\/{rel}","templated":true}]}}